{"id":987,"date":"2023-10-08T08:46:07","date_gmt":"2023-10-08T08:46:07","guid":{"rendered":"https:\/\/dokuschreibt.com\/de\/versuchsprotokoll-offnen\/"},"modified":"2023-10-08T08:46:07","modified_gmt":"2023-10-08T08:46:07","slug":"versuchsprotokoll-offnen","status":"publish","type":"page","link":"https:\/\/dokuschreibt.com\/de\/versuchsprotokoll-offnen\/","title":{"rendered":"\u00d6ffnen &#8211; Versuchsprotokoll Vorlage"},"content":{"rendered":"\r\n<p class=\"has-text-align-center\">Muster und Vorlage f\u00fcr <strong> Versuchsprotokoll<\/strong> zur Erstellung und Anpassung &#8211; \u00d6ffnen im <strong>WORD<\/strong>\u2013 und <strong>PDF-Format<\/strong><\/p>\r\n\r\n\r\n<div class=\"wp-block-image\">\r\n<figure class=\"aligncenter size-large is-resized\"><img loading=\"lazy\" decoding=\"async\" class=\"wp-image-215\" src=\"https:\/\/dokuschreibt.com\/de\/wp-content\/uploads\/wie-schreibt-man-versuchsprotokoll-muster.jpg\" alt=\"\" width=\"245\" height=\"391\" \/><\/figure>\r\n<\/div>\r\n\r\n<hr class=\"wp-block-separator has-alpha-channel-opacity\" \/>\r\n\r\n\r\n<div class=\"su-note\"  style=\"border-color:#e5e5e5;border-radius:10px;-moz-border-radius:10px;-webkit-border-radius:10px;\"><div class=\"su-note-inner su-u-clearfix su-u-trim\" style=\"background-color:#FFFFFF;border-color:#ffffff;color:#333333;border-radius:10px;-moz-border-radius:10px;-webkit-border-radius:10px;\">\r\n<section id=\"specialParagraph\">\r\n<p><p><strong><p>Vorlage Versuchsprotokoll<\/p><\/strong><\/p>  <p><strong>1. Einleitung<\/strong><\/p> <p>In der Einleitung sollte der Hintergrund des Versuchs erl\u00e4utert werden. Dabei sollten relevante Informationen, wie der Zweck des Versuchs, vorherige Studien oder bekannte Theorien, die den Versuch motivieren, genannt werden.<\/p>  <p><strong>2. Material und Methoden<\/strong><\/p> <p>Die Materialien und Methoden sollten so detailliert beschrieben werden, dass der Versuch von anderen Personen genau reproduziert werden kann. Dazu geh\u00f6ren Angaben \u00fcber das verwendete Equipment, die Durchf\u00fchrung des Versuchs sowie eventuelle Mess- und Auswertungsmethoden.<\/p>  <p><strong>3. Ergebnisse<\/strong><\/p> <p>In diesem Abschnitt sollten die Ergebnisse des Versuchs dargestellt werden. Dies kann in Form von Daten, Tabellen, Graphen oder Diagrammen geschehen. Es ist wichtig, dass die Ergebnisse pr\u00e4zise und verst\u00e4ndlich pr\u00e4sentiert werden.<\/p>  <p><strong>4. Diskussion<\/strong><\/p> <p>In der Diskussion sollten die Ergebnisse des Versuchs interpretiert und in Beziehung zu fr\u00fcheren Studien oder bekannten Theorien gesetzt werden. Es k\u00f6nnen auch m\u00f6gliche Fehlerquellen und Limitationen des Versuchs diskutiert werden. Des Weiteren k\u00f6nnen in diesem Abschnitt auch Schlussfolgerungen und weiterf\u00fchrende Forschungsfragen formuliert werden.<\/p>  <p><strong>5. Zusammenfassung<\/strong><\/p> <p>In der Zusammenfassung werden die wichtigsten Erkenntnisse des Versuchs noch einmal kurz und pr\u00e4gnant zusammengefasst. Es sollte deutlich gemacht werden, wie der Versuch zu den Ausgangsfragen und dem Forschungsstand beigetragen hat.<\/p>  <p><strong>6. Literaturverzeichnis<\/strong><\/p> <p>In diesem Abschnitt werden alle verwendeten Quellen angegeben. Dabei sollten die Quellenangaben klar und nach g\u00e4ngigen Zitierregeln formatiert sein.<\/p>  <p><strong>7. Anhang<\/strong><\/p> <p>Falls erforderlich, k\u00f6nnen hier weitere Informationen, wie zus\u00e4tzliche Daten, Grafiken oder Bilder, die f\u00fcr das Verst\u00e4ndnis des Versuchs relevant sind, angeh\u00e4ngt werden.<\/p>  <p><strong>8. Danksagung<\/strong><\/p> <p>Falls Personen oder Organisationen unterst\u00fctzend zum Versuch beigetragen haben, sollten sie in diesem Abschnitt namentlich erw\u00e4hnt und gedankt werden.<\/p>  <p><strong>9. Erkl\u00e4rung<\/strong><\/p> <p>Am Ende des Versuchsprotokolls sollte eine Erkl\u00e4rung folgen, in welcher erkl\u00e4rt wird, dass der Versuch eigenst\u00e4ndig und ohne Plagiate durchgef\u00fchrt wurde.<\/p>  <p><strong>10. Unterschrift<\/strong><\/p> <p>Unter die Erkl\u00e4rung sollte die Unterschrift des Protokollanten gesetzt werden.<\/p>  <p>Diese Vorlage kann als Grundlage f\u00fcr Versuchsprotokolle verwendet werden. Es ist jedoch wichtig anzumerken, dass je nach den spezifischen Anforderungen des Versuchs oder der Institution, f\u00fcr die das Protokoll erstellt wird, Anpassungen oder Erg\u00e4nzungen erforderlich sein k\u00f6nnen.<\/p><\/p>\r\n<\/section>\r\n<\/div><\/div>\r\n<p>&nbsp;<\/p>\r\n\r\n\r\n\r\n<p class=\"has-text-align-center\">Muster und Vorlage f\u00fcr <strong> Versuchsprotokoll<\/strong> zur Anpassung und Erstellung  im <strong>WORD<\/strong>\u2013 und <strong>PDF-Format<\/strong><\/p>\r\n\r\n<p><button id=\"generatePDF\">Als PDF Erstellen<\/button><\/p>\r\n<p style=\"text-align: center;\"><strong>Mehr Muster und Vorlage f\u00fcr Versuchsprotokoll<\/strong><\/p>\r\n<hr class=\"wp-block-separator has-alpha-channel-opacity\" \/>\r\n\r\n\r\n<div class=\"wp-block-columns is-layout-flex wp-container-core-columns-is-layout-9d6595d7 wp-block-columns-is-layout-flex\">\r\n<div class=\"wp-block-column is-layout-flow wp-block-column-is-layout-flow\"><div class=\"su-button-center\"><a href=\"https:\/\/bridge.klett.de\/EBP-AY1BDEQ4AN\/content\/media\/w711080_pv\/w711080_vp.pdf\" class=\"su-button su-button-style-flat\" style=\"color:#FFFFFF;background-color:#144bb6;border-color:#103c92;border-radius:1px\" target=\"_self\"><span style=\"color:#FFFFFF;padding:0px 24px;font-size:18px;line-height:36px;border-color:#5b81cc;border-radius:1px;text-shadow:none\">  \u00d6FFNEN &#8211; 1 <\/span><\/a><\/div>\n<\/div>\r\n\r\n\r\n\r\n<div class=\"wp-block-column is-layout-flow wp-block-column-is-layout-flow\"><div class=\"su-button-center\"><a href=\"https:\/\/www.skriptum.de\/schule\/Methoden\/04a%20%20AB%20&#039;&#039;Vorlage%20-%20Versuchsprotokoll&#039;&#039;.pdf\" class=\"su-button su-button-style-flat\" style=\"color:#FFFFFF;background-color:#144bb6;border-color:#103c92;border-radius:1px\" target=\"_self\"><span style=\"color:#FFFFFF;padding:0px 24px;font-size:18px;line-height:36px;border-color:#5b81cc;border-radius:1px;text-shadow:none\">  \u00d6FFNEN &#8211; 2 <\/span><\/a><\/div>\n<\/div>\r\n<\/div>\r\n\r\n\r\n<hr class=\"wp-block-separator has-alpha-channel-opacity\" \/>\r\n\r\n\r\n<figure class=\"wp-block-table aligncenter\">\r\n<table>\r\n<tbody>\r\n<tr>\r\n<td><strong>Versuchsprotokoll<\/strong><\/td>\r\n<\/tr>\r\n<tr>\r\n<td>PDF &#8211; WORD Format<\/td>\r\n<\/tr>\r\n<tr>\r\n<td>Bewertung: \u2b50\u2b50\u2b50\u2b50\u2b50 4.49<\/td>\r\n<\/tr>\r\n<tr>\r\n<td>Ergebnisse &#8211; 1779<\/td>\r\n<\/tr>\r\n<\/tbody>\r\n<\/table>\r\n<\/figure>\r\n\r\n\r\n<hr class=\"wp-block-separator has-alpha-channel-opacity\" \/>\r\n<div class=\"su-note\"  style=\"border-color:#e5e5e5;border-radius:10px;-moz-border-radius:10px;-webkit-border-radius:10px;\"><div class=\"su-note-inner su-u-clearfix su-u-trim\" style=\"background-color:#FFFFFF;border-color:#ffffff;color:#333333;border-radius:10px;-moz-border-radius:10px;-webkit-border-radius:10px;\">\r\n<p><h3><b><strong>Wie schreibt man ein Versuchsprotokoll<\/strong><\/b><\/h3>  <p>Ein Versuchsprotokoll ist eine Aufzeichnung der durchgef\u00fchrten Experimente und der daraus resultierenden Daten. Es ist eine wichtige F\u00e4higkeit f\u00fcr Naturwissenschaftler, Ingenieure und Sch\u00fcler, da es ihnen erm\u00f6glicht, ihre Arbeit zu dokumentieren, ihre Ergebnisse zu analysieren und den Prozess des Experimentierens zu verstehen. Hier ist eine schrittweise Anleitung, wie man ein Versuchsprotokoll schreibt:<\/p>  <p><strong><b>Schritt 1:<\/b><\/strong> Titel und Einleitung<\/p>  <p>Beginnen Sie Ihr Versuchsprotokoll mit einem aussagekr\u00e4ftigen Titel, der das Experiment beschreibt. F\u00fcgen Sie auch eine kurze Einleitung hinzu, die den Zweck des Experiments erkl\u00e4rt und die zu testende Hypothese darlegt.<\/p>  <p><strong><b>Schritt 2:<\/b><\/strong> Materialien und Methoden<\/p>  <p>Beschreiben Sie anschlie\u00dfend die verwendeten Materialien und die eingesetzte Methode. Geben Sie eine detaillierte Liste der verwendeten Instrumente, Chemikalien oder Ausr\u00fcstung an. Erkl\u00e4ren Sie au\u00dferdem, wie das Experiment durchgef\u00fchrt wurde, so dass es von anderen reproduziert werden kann.<\/p>  <p><strong><b>Schritt 3:<\/b><\/strong> Ergebnisse<\/p>  <p>Notieren Sie die Ergebnisse Ihres Experiments in dieser Sektion. Verwenden Sie Tabellen, Diagramme oder Grafiken, um Ihre Daten zu visualisieren. Geben Sie auch eine kurze Beschreibung der Beobachtungen an.<\/p>  <p><strong><b>Schritt 4:<\/b><\/strong> Diskussion und Analyse<\/p>  <p>Nachdem Sie Ihre Ergebnisse aufgenommen haben, geht es nun darum, sie zu diskutieren und zu analysieren. Interpretieren Sie Ihre Daten und vergleichen Sie sie mit Ihren Hypothesen. Erkl\u00e4ren Sie, ob Ihre Ergebnisse Ihre Hypothesen best\u00e4tigt oder widerlegt haben und diskutieren Sie m\u00f6gliche Fehlerquellen oder Einschr\u00e4nkungen Ihrer Experimente.<\/p>  <p><strong><b>Schritt 5:<\/b><\/strong> Schlussfolgerung<\/p>  <p>Fassen Sie Ihr Versuchsprotokoll mit einer Schlussfolgerung zusammen. Geben Sie an, ob Ihre Ergebnisse Ihre Hypothese unterst\u00fctzt haben und welche Schlussfolgerungen Sie aus den Experimenten ziehen k\u00f6nnen. Sie k\u00f6nnen auch Vorschl\u00e4ge f\u00fcr zuk\u00fcnftige Forschungen oder Verbesserungen des Experiments geben.<\/p>  <p><strong><b>Schritt 6:<\/b><\/strong> Referenzen<\/p>  <p>Wenn Sie w\u00e4hrend Ihres Experiments auf andere Quellen oder Studien verwiesen haben, f\u00fcgen Sie eine Liste der Referenzen am Ende des Versuchsprotokolls hinzu. Geben Sie die Autoren, den Titel, das Erscheinungsjahr und andere relevante Informationen an.<\/p>  <p><strong><b>Schritt 7:<\/b><\/strong> Formatierung und \u00dcberpr\u00fcfung<\/p>  <p>Stellen Sie sicher, dass Ihr Versuchsprotokoll den formatierten Anforderungen entspricht. \u00dcberpr\u00fcfen Sie die Rechtschreibung und Grammatik, um sicherzustellen, dass Ihre Arbeit professionell und lesbar ist.<\/p>  <p>Mit dieser Schritt-f\u00fcr-Schritt-Anleitung sollte es Ihnen leicht fallen, ein Versuchsprotokoll zu schreiben. Denken Sie daran, dass jedes Experiment einzigartig ist und daher unterschiedliche Anforderungen stellen kann. Passen Sie Ihre Schreibweise entsprechend an und experimentieren Sie mit verschiedenen Stilen, um Ihre Arbeit zu verbessern.<p><\/p>\r\n<\/div><\/div>\r\n<hr class=\"wp-block-separator has-alpha-channel-opacity\" \/>","protected":false},"excerpt":{"rendered":"<p>Muster und Vorlage f\u00fcr Versuchsprotokoll zur Erstellung und Anpassung &#8211; \u00d6ffnen im WORD\u2013 und PDF-Format &nbsp; Muster und Vorlage f\u00fcr &#8230; <\/p>\n<p class=\"read-more-container\"><a title=\"\u00d6ffnen &#8211; Versuchsprotokoll Vorlage\" class=\"read-more button\" href=\"https:\/\/dokuschreibt.com\/de\/versuchsprotokoll-offnen\/#more-987\" aria-label=\"Mehr zu \u00d6ffnen &#8211; Versuchsprotokoll Vorlage\">\u00d6ffnen<\/a><\/p>\n","protected":false},"author":1,"featured_media":0,"parent":0,"menu_order":0,"comment_status":"closed","ping_status":"closed","template":"","meta":{"footnotes":""},"class_list":{"0":"post-987","1":"page","2":"type-page","3":"status-publish","5":"infinite-scroll-item"},"yoast_head":"<!-- This site is optimized with the Yoast SEO plugin v24.6 - https:\/\/yoast.com\/wordpress\/plugins\/seo\/ -->\n<title>\u00d6ffnen - Versuchsprotokoll Vorlage - Doku Schreibt<\/title>\n<meta name=\"robots\" content=\"noindex, follow\" \/>\n<meta property=\"og:locale\" content=\"de_DE\" \/>\n<meta property=\"og:type\" content=\"article\" \/>\n<meta property=\"og:title\" content=\"\u00d6ffnen - Versuchsprotokoll Vorlage - Doku Schreibt\" \/>\n<meta property=\"og:description\" content=\"Muster und Vorlage f\u00fcr Versuchsprotokoll zur Erstellung und Anpassung &#8211; \u00d6ffnen im WORD\u2013 und PDF-Format &nbsp; Muster und Vorlage f\u00fcr ... \u00d6ffnen\" \/>\n<meta property=\"og:url\" content=\"https:\/\/dokuschreibt.com\/de\/versuchsprotokoll-offnen\/\" \/>\n<meta property=\"og:site_name\" content=\"Doku Schreibt\" \/>\n<meta property=\"og:image\" content=\"https:\/\/dokuschreibt.com\/de\/wp-content\/uploads\/wie-schreibt-man-versuchsprotokoll-muster.jpg\" \/>\n<meta name=\"twitter:card\" content=\"summary_large_image\" \/>\n<meta name=\"twitter:label1\" content=\"Gesch\u00e4tzte Lesezeit\" \/>\n\t<meta name=\"twitter:data1\" content=\"1\u00a0Minute\" \/>\n<script type=\"application\/ld+json\" class=\"yoast-schema-graph\">{\"@context\":\"https:\/\/schema.org\",\"@graph\":[{\"@type\":\"WebPage\",\"@id\":\"https:\/\/dokuschreibt.com\/de\/versuchsprotokoll-offnen\/\",\"url\":\"https:\/\/dokuschreibt.com\/de\/versuchsprotokoll-offnen\/\",\"name\":\"\u00d6ffnen - Versuchsprotokoll Vorlage - Doku Schreibt\",\"isPartOf\":{\"@id\":\"https:\/\/dokuschreibt.com\/de\/#website\"},\"primaryImageOfPage\":{\"@id\":\"https:\/\/dokuschreibt.com\/de\/versuchsprotokoll-offnen\/#primaryimage\"},\"image\":{\"@id\":\"https:\/\/dokuschreibt.com\/de\/versuchsprotokoll-offnen\/#primaryimage\"},\"thumbnailUrl\":\"https:\/\/dokuschreibt.com\/de\/wp-content\/uploads\/wie-schreibt-man-versuchsprotokoll-muster.jpg\",\"datePublished\":\"2023-10-08T08:46:07+00:00\",\"breadcrumb\":{\"@id\":\"https:\/\/dokuschreibt.com\/de\/versuchsprotokoll-offnen\/#breadcrumb\"},\"inLanguage\":\"de\",\"potentialAction\":[{\"@type\":\"ReadAction\",\"target\":[\"https:\/\/dokuschreibt.com\/de\/versuchsprotokoll-offnen\/\"]}]},{\"@type\":\"ImageObject\",\"inLanguage\":\"de\",\"@id\":\"https:\/\/dokuschreibt.com\/de\/versuchsprotokoll-offnen\/#primaryimage\",\"url\":\"https:\/\/dokuschreibt.com\/de\/wp-content\/uploads\/wie-schreibt-man-absage-an-den-arbeitgeber-muster.jpg\",\"contentUrl\":\"https:\/\/dokuschreibt.com\/de\/wp-content\/uploads\/wie-schreibt-man-absage-an-den-arbeitgeber-muster.jpg\",\"width\":1410,\"height\":2250},{\"@type\":\"BreadcrumbList\",\"@id\":\"https:\/\/dokuschreibt.com\/de\/versuchsprotokoll-offnen\/#breadcrumb\",\"itemListElement\":[{\"@type\":\"ListItem\",\"position\":1,\"name\":\"Portada\",\"item\":\"https:\/\/dokuschreibt.com\/de\/\"},{\"@type\":\"ListItem\",\"position\":2,\"name\":\"\u00d6ffnen &#8211; Versuchsprotokoll Vorlage\"}]},{\"@type\":\"WebSite\",\"@id\":\"https:\/\/dokuschreibt.com\/de\/#website\",\"url\":\"https:\/\/dokuschreibt.com\/de\/\",\"name\":\"Doku Schreibt\",\"description\":\"Wie Schreibt Man\",\"publisher\":{\"@id\":\"https:\/\/dokuschreibt.com\/de\/#organization\"},\"potentialAction\":[{\"@type\":\"SearchAction\",\"target\":{\"@type\":\"EntryPoint\",\"urlTemplate\":\"https:\/\/dokuschreibt.com\/de\/?s={search_term_string}\"},\"query-input\":{\"@type\":\"PropertyValueSpecification\",\"valueRequired\":true,\"valueName\":\"search_term_string\"}}],\"inLanguage\":\"de\"},{\"@type\":\"Organization\",\"@id\":\"https:\/\/dokuschreibt.com\/de\/#organization\",\"name\":\"Doku Schreibt\",\"url\":\"https:\/\/dokuschreibt.com\/de\/\",\"logo\":{\"@type\":\"ImageObject\",\"inLanguage\":\"de\",\"@id\":\"https:\/\/dokuschreibt.com\/de\/#\/schema\/logo\/image\/\",\"url\":\"https:\/\/dokuschreibt.com\/de\/wp-content\/uploads\/cropped-fav.png\",\"contentUrl\":\"https:\/\/dokuschreibt.com\/de\/wp-content\/uploads\/cropped-fav.png\",\"width\":512,\"height\":512,\"caption\":\"Doku Schreibt\"},\"image\":{\"@id\":\"https:\/\/dokuschreibt.com\/de\/#\/schema\/logo\/image\/\"}}]}<\/script>\n<!-- \/ Yoast SEO plugin. -->","yoast_head_json":{"title":"\u00d6ffnen - Versuchsprotokoll Vorlage - Doku Schreibt","robots":{"index":"noindex","follow":"follow"},"og_locale":"de_DE","og_type":"article","og_title":"\u00d6ffnen - Versuchsprotokoll Vorlage - Doku Schreibt","og_description":"Muster und Vorlage f\u00fcr Versuchsprotokoll zur Erstellung und Anpassung &#8211; \u00d6ffnen im WORD\u2013 und PDF-Format &nbsp; Muster und Vorlage f\u00fcr ... \u00d6ffnen","og_url":"https:\/\/dokuschreibt.com\/de\/versuchsprotokoll-offnen\/","og_site_name":"Doku Schreibt","og_image":[{"url":"https:\/\/dokuschreibt.com\/de\/wp-content\/uploads\/wie-schreibt-man-versuchsprotokoll-muster.jpg","type":"","width":"","height":""}],"twitter_card":"summary_large_image","twitter_misc":{"Gesch\u00e4tzte Lesezeit":"1\u00a0Minute"},"schema":{"@context":"https:\/\/schema.org","@graph":[{"@type":"WebPage","@id":"https:\/\/dokuschreibt.com\/de\/versuchsprotokoll-offnen\/","url":"https:\/\/dokuschreibt.com\/de\/versuchsprotokoll-offnen\/","name":"\u00d6ffnen - Versuchsprotokoll Vorlage - Doku Schreibt","isPartOf":{"@id":"https:\/\/dokuschreibt.com\/de\/#website"},"primaryImageOfPage":{"@id":"https:\/\/dokuschreibt.com\/de\/versuchsprotokoll-offnen\/#primaryimage"},"image":{"@id":"https:\/\/dokuschreibt.com\/de\/versuchsprotokoll-offnen\/#primaryimage"},"thumbnailUrl":"https:\/\/dokuschreibt.com\/de\/wp-content\/uploads\/wie-schreibt-man-versuchsprotokoll-muster.jpg","datePublished":"2023-10-08T08:46:07+00:00","breadcrumb":{"@id":"https:\/\/dokuschreibt.com\/de\/versuchsprotokoll-offnen\/#breadcrumb"},"inLanguage":"de","potentialAction":[{"@type":"ReadAction","target":["https:\/\/dokuschreibt.com\/de\/versuchsprotokoll-offnen\/"]}]},{"@type":"ImageObject","inLanguage":"de","@id":"https:\/\/dokuschreibt.com\/de\/versuchsprotokoll-offnen\/#primaryimage","url":"https:\/\/dokuschreibt.com\/de\/wp-content\/uploads\/wie-schreibt-man-absage-an-den-arbeitgeber-muster.jpg","contentUrl":"https:\/\/dokuschreibt.com\/de\/wp-content\/uploads\/wie-schreibt-man-absage-an-den-arbeitgeber-muster.jpg","width":1410,"height":2250},{"@type":"BreadcrumbList","@id":"https:\/\/dokuschreibt.com\/de\/versuchsprotokoll-offnen\/#breadcrumb","itemListElement":[{"@type":"ListItem","position":1,"name":"Portada","item":"https:\/\/dokuschreibt.com\/de\/"},{"@type":"ListItem","position":2,"name":"\u00d6ffnen &#8211; Versuchsprotokoll Vorlage"}]},{"@type":"WebSite","@id":"https:\/\/dokuschreibt.com\/de\/#website","url":"https:\/\/dokuschreibt.com\/de\/","name":"Doku Schreibt","description":"Wie Schreibt Man","publisher":{"@id":"https:\/\/dokuschreibt.com\/de\/#organization"},"potentialAction":[{"@type":"SearchAction","target":{"@type":"EntryPoint","urlTemplate":"https:\/\/dokuschreibt.com\/de\/?s={search_term_string}"},"query-input":{"@type":"PropertyValueSpecification","valueRequired":true,"valueName":"search_term_string"}}],"inLanguage":"de"},{"@type":"Organization","@id":"https:\/\/dokuschreibt.com\/de\/#organization","name":"Doku Schreibt","url":"https:\/\/dokuschreibt.com\/de\/","logo":{"@type":"ImageObject","inLanguage":"de","@id":"https:\/\/dokuschreibt.com\/de\/#\/schema\/logo\/image\/","url":"https:\/\/dokuschreibt.com\/de\/wp-content\/uploads\/cropped-fav.png","contentUrl":"https:\/\/dokuschreibt.com\/de\/wp-content\/uploads\/cropped-fav.png","width":512,"height":512,"caption":"Doku Schreibt"},"image":{"@id":"https:\/\/dokuschreibt.com\/de\/#\/schema\/logo\/image\/"}}]}},"_links":{"self":[{"href":"https:\/\/dokuschreibt.com\/de\/wp-json\/wp\/v2\/pages\/987","targetHints":{"allow":["GET"]}}],"collection":[{"href":"https:\/\/dokuschreibt.com\/de\/wp-json\/wp\/v2\/pages"}],"about":[{"href":"https:\/\/dokuschreibt.com\/de\/wp-json\/wp\/v2\/types\/page"}],"author":[{"embeddable":true,"href":"https:\/\/dokuschreibt.com\/de\/wp-json\/wp\/v2\/users\/1"}],"replies":[{"embeddable":true,"href":"https:\/\/dokuschreibt.com\/de\/wp-json\/wp\/v2\/comments?post=987"}],"version-history":[{"count":0,"href":"https:\/\/dokuschreibt.com\/de\/wp-json\/wp\/v2\/pages\/987\/revisions"}],"wp:attachment":[{"href":"https:\/\/dokuschreibt.com\/de\/wp-json\/wp\/v2\/media?parent=987"}],"curies":[{"name":"wp","href":"https:\/\/api.w.org\/{rel}","templated":true}]}}