{"id":907,"date":"2023-10-08T08:45:31","date_gmt":"2023-10-08T08:45:31","guid":{"rendered":"https:\/\/dokuschreibt.com\/de\/einzugsermachtigung-offnen\/"},"modified":"2023-10-08T08:45:31","modified_gmt":"2023-10-08T08:45:31","slug":"einzugsermachtigung-offnen","status":"publish","type":"page","link":"https:\/\/dokuschreibt.com\/de\/einzugsermachtigung-offnen\/","title":{"rendered":"\u00d6ffnen &#8211; Einzugserm\u00e4chtigung Vorlage"},"content":{"rendered":"\r\n<p class=\"has-text-align-center\">Vorlage und Muster f\u00fcr <strong> Einzugserm\u00e4chtigung<\/strong> zur Erstellung und Anpassung &#8211; \u00d6ffnen im <strong>WORD<\/strong>\u2013 und <strong>PDF-Format<\/strong><\/p>\r\n\r\n\r\n<div class=\"wp-block-image\">\r\n<figure class=\"aligncenter size-large is-resized\"><img loading=\"lazy\" decoding=\"async\" class=\"wp-image-215\" src=\"https:\/\/dokuschreibt.com\/de\/wp-content\/uploads\/wie-schreibt-man-einzugsermachtigung-muster.jpg\" alt=\"\" width=\"245\" height=\"391\" \/><\/figure>\r\n<\/div>\r\n\r\n<hr class=\"wp-block-separator has-alpha-channel-opacity\" \/>\r\n\r\n\r\n<div class=\"su-note\"  style=\"border-color:#e5e5e5;border-radius:10px;-moz-border-radius:10px;-webkit-border-radius:10px;\"><div class=\"su-note-inner su-u-clearfix su-u-trim\" style=\"background-color:#FFFFFF;border-color:#ffffff;color:#333333;border-radius:10px;-moz-border-radius:10px;-webkit-border-radius:10px;\">\r\n<section id=\"specialParagraph\">\r\n<p><p><strong><p>Vorlage Einzugserm\u00e4chtigung<\/p><\/strong><\/p>  <p><strong>I. Angaben zum Zahlungsempf\u00e4nger:<\/strong><\/p> <ol> <li>Name des Zahlungsempf\u00e4ngers: ___________<\/li> <li>Adresse des Zahlungsempf\u00e4ngers: ___________<\/li> <li>Kontaktdaten des Zahlungsempf\u00e4ngers: ___________<\/li> <\/ol>  <p><strong>II. Angaben zum Zahlungspflichtigen:<\/strong><\/p> <ol> <li>Name des Zahlungspflichtigen: ___________<\/li> <li>Adresse des Zahlungspflichtigen: ___________<\/li> <li>Kontaktdaten des Zahlungspflichtigen: ___________<\/li> <\/ol>  <p><strong>III. Angaben zum Zahlungsvorgang:<\/strong><\/p> <ol> <li>Kontoinhaber: ___________<\/li> <li>IBAN: ___________<\/li> <li>BIC: ___________<\/li> <li>Kreditinstitut: ___________<\/li> <\/ol>  <p><strong>IV. Einzugserm\u00e4chtigung:<\/strong><\/p> <p>Ich erm\u00e4chtige hiermit den oben genannten Zahlungsempf\u00e4nger, Zahlungen von meinem oben angegebenen Konto mittels Lastschrift einzuziehen. Zugleich weise ich mein Kreditinstitut an, die vom Zahlungsempf\u00e4nger auf mein Konto gezogenen Lastschriften einzul\u00f6sen.<\/p>  <p><strong>V. Widerrufsrecht:<\/strong><\/p> <p>Diese Einzugserm\u00e4chtigung kann ich jederzeit widerrufen. Daf\u00fcr gen\u00fcgt eine schriftliche Mitteilung an den Zahlungsempf\u00e4nger oder an mein Kreditinstitut.<\/p>  <p><strong>VI. Datenschutz:<\/strong><\/p> <p>Ich bin damit einverstanden, dass die f\u00fcr die Abwicklung der Zahlung erforderlichen Daten elektronisch gespeichert werden. Eine Weitergabe an Dritte erfolgt nicht, es sei denn, dies ist zur Erf\u00fcllung der Zahlungsverpflichtungen erforderlich.<\/p>  <p><strong>VII. Unterschriften:<\/strong><\/p> <p>Ort, Datum: ___________<\/p> <p>Unterschrift Zahlungspflichtiger: ___________<\/p> <p>Unterschrift Zahlungsempf\u00e4nger: ___________<\/p>  <p>Bitte senden Sie das vollst\u00e4ndig ausgef\u00fcllte Formular an die obenstehende Adresse des Zahlungsempf\u00e4ngers.<\/p><\/p>\r\n<\/section>\r\n<\/div><\/div>\r\n<p>&nbsp;<\/p>\r\n\r\n\r\n\r\n<p class=\"has-text-align-center\">Vorlage und Muster f\u00fcr <strong> Einzugserm\u00e4chtigung<\/strong> zur Erstellung und Anpassung im <strong>WORD<\/strong>\u2013 und <strong>PDF-Format<\/strong><\/p>\r\n\r\n<p><button id=\"generatePDF\">Als PDF Erstellen<\/button><\/p>\r\n<p style=\"text-align: center;\"><strong>Mehr Muster und Vorlage f\u00fcr Einzugserm\u00e4chtigung<\/strong><\/p>\r\n<hr class=\"wp-block-separator has-alpha-channel-opacity\" \/>\r\n\r\n\r\n<div class=\"wp-block-columns is-layout-flex wp-container-core-columns-is-layout-9d6595d7 wp-block-columns-is-layout-flex\">\r\n<div class=\"wp-block-column is-layout-flow wp-block-column-is-layout-flow\"><div class=\"su-button-center\"><a href=\"https:\/\/www.kvsa.de\/fileadmin\/user_upload\/PDF\/Praxis\/Qualitaetsmanagement\/PRO_9-2018_Schriftliche_Anfragen_in_Arztpraxen.pdf\" class=\"su-button su-button-style-flat\" style=\"color:#FFFFFF;background-color:#144bb6;border-color:#103c92;border-radius:1px\" target=\"_self\"><span style=\"color:#FFFFFF;padding:0px 24px;font-size:18px;line-height:36px;border-color:#5b81cc;border-radius:1px;text-shadow:none\">  \u00d6FFNEN &#8211; 1 <\/span><\/a><\/div>\n<\/div>\r\n\r\n\r\n\r\n<div class=\"wp-block-column is-layout-flow wp-block-column-is-layout-flow\"><div class=\"su-button-center\"><a href=\"https:\/\/www.hausarzt-bauer.eu\/images\/Downloads\/PraxisBauer_Einwillungserklaerung_EMail-Versand.pdf\" class=\"su-button su-button-style-flat\" style=\"color:#FFFFFF;background-color:#144bb6;border-color:#103c92;border-radius:1px\" target=\"_self\"><span style=\"color:#FFFFFF;padding:0px 24px;font-size:18px;line-height:36px;border-color:#5b81cc;border-radius:1px;text-shadow:none\">  \u00d6FFNEN &#8211; 2 <\/span><\/a><\/div>\n<\/div>\r\n<\/div>\r\n\r\n\r\n<hr class=\"wp-block-separator has-alpha-channel-opacity\" \/>\r\n\r\n\r\n<figure class=\"wp-block-table aligncenter\">\r\n<table>\r\n<tbody>\r\n<tr>\r\n<td><strong>Einzugserm\u00e4chtigung<\/strong><\/td>\r\n<\/tr>\r\n<tr>\r\n<td>PDF &#8211; WORD Format<\/td>\r\n<\/tr>\r\n<tr>\r\n<td>Bewertung: \u2b50\u2b50\u2b50\u2b50\u2b50 4.70<\/td>\r\n<\/tr>\r\n<tr>\r\n<td>Ergebnisse &#8211; 2972<\/td>\r\n<\/tr>\r\n<\/tbody>\r\n<\/table>\r\n<\/figure>\r\n\r\n\r\n<hr class=\"wp-block-separator has-alpha-channel-opacity\" \/>\r\n<div class=\"su-note\"  style=\"border-color:#e5e5e5;border-radius:10px;-moz-border-radius:10px;-webkit-border-radius:10px;\"><div class=\"su-note-inner su-u-clearfix su-u-trim\" style=\"background-color:#FFFFFF;border-color:#ffffff;color:#333333;border-radius:10px;-moz-border-radius:10px;-webkit-border-radius:10px;\">\r\n<p><h3><strong>Wie schreibt man eine Einzugserm\u00e4chtigung<\/strong><\/h3>  <p>Die Einzugserm\u00e4chtigung ist ein Dokument, mit dem eine Person einer anderen Person oder Organisation erlaubt, Geld von ihrem Bankkonto abzubuchen. Es ist eine praktische Methode, um wiederkehrende Zahlungen wie Mieten, Rechnungen oder Mitgliedschaftsgeb\u00fchren zu begleichen. Das Schreiben einer Einzugserm\u00e4chtigung erfordert genaue Angaben und einen klaren Ausdruck der Absicht, Geld abzubuchen. Hier ist eine Schritt-f\u00fcr-Schritt-Anleitung, wie man eine Einzugserm\u00e4chtigung schreibt.<\/p>  <h3><strong>Schritt 1: Adressieren Sie den Empf\u00e4nger<\/strong><\/h3>  <p>Zu Beginn des Schreibens einer Einzugserm\u00e4chtigung sollten Sie den Empf\u00e4nger korrekt ansprechen. Verwenden Sie den vollst\u00e4ndigen Namen oder den Namen der Organisation, an die Sie die Erm\u00e4chtigung richten.<\/p>  <p><strong>Beispiel:<\/strong><\/p>  <blockquote><p>An: ABC Ltd.<\/p><\/blockquote>  <h3><strong>Schritt 2: Geben Sie Ihre pers\u00f6nlichen Informationen an<\/strong><\/h3>  <p>Nachdem Sie den Empf\u00e4nger angesprochen haben, geben Sie Ihre pers\u00f6nlichen Informationen wie Ihren Vor- und Nachnamen sowie Ihre Adresse an. Stellen Sie sicher, dass diese Informationen korrekt und aktuell sind.<\/p>  <p><strong>Beispiel:<\/strong><\/p>  <blockquote><p>Von: Max Mustermann<\/p> <p>123 Beispielstra\u00dfe<\/p> <p>12345 Beispielstadt<\/p><\/blockquote>  <h3><strong>Schritt 3: Geben Sie Ihre Bankinformationen an<\/strong><\/h3>  <p>Um eine Einzugserm\u00e4chtigung einzurichten, m\u00fcssen Sie Ihre Bankinformationen angeben. Dazu geh\u00f6ren Ihr Bankname, Ihre Kontonummer und Ihre Bankleitzahl. Stellen Sie sicher, dass Sie diese Informationen sorgf\u00e4ltig \u00fcberpr\u00fcfen, um Fehler zu vermeiden.<\/p>  <p><strong>Beispiel:<\/strong><\/p>  <blockquote><p>Bank: Beispielbank<\/p> <p>Kontonummer: 123456789<\/p> <p>Bankleitzahl: 987654321<\/p><\/blockquote>  <h3><strong>Schritt 4: Erkl\u00e4ren Sie Ihre Absicht klar<\/strong><\/h3>  <p>Nachdem Sie Ihre pers\u00f6nlichen und Bankinformationen angegeben haben, m\u00fcssen Sie Ihre Absicht, eine Einzugserm\u00e4chtigung zu erteilen, klar erkl\u00e4ren. Verwenden Sie klare und pr\u00e4zise Formulierungen, um Missverst\u00e4ndnisse zu vermeiden.<\/p>  <p><strong>Beispiel:<\/strong><\/p>  <blockquote><p>Ich erm\u00e4chtige hiermit ABC Ltd., einmal im Monat den Betrag von XXX Euro von meinem Bankkonto abzubuchen, um die monatlichen Mitgliedschaftsgeb\u00fchren zu begleichen.<\/p><\/blockquote>  <h3><strong>Schritt 5: Geben Sie das Datum an<\/strong><\/h3>  <p>Das Datum des Schreibens sollte ebenfalls angegeben werden. Dies erm\u00f6glicht eine klare Zuordnung der Einzugserm\u00e4chtigung zu einem bestimmten Zeitpunkt.<\/p>  <p><strong>Beispiel:<\/strong><\/p>  <blockquote><p>Datum: 01.01.2022<\/p><\/blockquote>  <h3><strong>Schritt 6: Unterschreiben Sie das Dokument<\/strong><\/h3>  <p>Um die Einzugserm\u00e4chtigung g\u00fcltig zu machen, m\u00fcssen Sie das Dokument unterschreiben. Verwenden Sie Ihre vollst\u00e4ndige Unterschrift und stellen Sie sicher, dass sie gut lesbar ist.<\/p>  <p><strong>Beispiel:<\/strong><\/p>  <blockquote><p>Unterschrift: Max Mustermann<\/p><\/blockquote>  <h3><strong>Schritt 7: Geben Sie Ihre Kontaktdaten an (optional)<\/strong><\/h3>  <p>Es ist ratsam, auch Ihre Kontaktdaten anzugeben, falls R\u00fcckfragen oder Unstimmigkeiten auftreten. Geben Sie Ihre Telefonnummer und\/oder E-Mail-Adresse an, um eine einfache Kommunikation zu erm\u00f6glichen.<\/p>  <p><strong>Beispiel:<\/strong><\/p>  <blockquote><p>Kontakt: Telefon: 123456789 \/ E-Mail: max.mustermann@example.com<\/p><\/blockquote>  <p>Nachdem Sie diese Schritte abgeschlossen haben, haben Sie eine Einzugserm\u00e4chtigung korrekt geschrieben. Vergewissern Sie sich, dass Sie alle erforderlichen Informationen angegeben haben und dass das Dokument klar und gut lesbar ist. \u00dcberpr\u00fcfen Sie das Dokument sorgf\u00e4ltig, bevor Sie es dem Empf\u00e4nger \u00fcbergeben. Es ist auch ratsam, eine Kopie des Dokuments f\u00fcr Ihre eigenen Unterlagen zu behalten.<\/p><\/p>\r\n<\/div><\/div>\r\n<hr class=\"wp-block-separator has-alpha-channel-opacity\" \/>","protected":false},"excerpt":{"rendered":"<p>Vorlage und Muster f\u00fcr Einzugserm\u00e4chtigung zur Erstellung und Anpassung &#8211; \u00d6ffnen im WORD\u2013 und PDF-Format &nbsp; Vorlage und Muster f\u00fcr &#8230; <\/p>\n<p class=\"read-more-container\"><a title=\"\u00d6ffnen &#8211; Einzugserm\u00e4chtigung Vorlage\" class=\"read-more button\" href=\"https:\/\/dokuschreibt.com\/de\/einzugsermachtigung-offnen\/#more-907\" aria-label=\"Mehr zu \u00d6ffnen &#8211; Einzugserm\u00e4chtigung Vorlage\">\u00d6ffnen<\/a><\/p>\n","protected":false},"author":1,"featured_media":0,"parent":0,"menu_order":0,"comment_status":"closed","ping_status":"closed","template":"","meta":{"footnotes":""},"class_list":{"0":"post-907","1":"page","2":"type-page","3":"status-publish","5":"infinite-scroll-item"},"yoast_head":"<!-- This site is optimized with the Yoast SEO plugin v24.6 - https:\/\/yoast.com\/wordpress\/plugins\/seo\/ -->\n<title>\u00d6ffnen - Einzugserm\u00e4chtigung Vorlage - Doku Schreibt<\/title>\n<meta name=\"robots\" content=\"noindex, follow\" \/>\n<meta property=\"og:locale\" content=\"de_DE\" \/>\n<meta property=\"og:type\" content=\"article\" \/>\n<meta property=\"og:title\" content=\"\u00d6ffnen - Einzugserm\u00e4chtigung Vorlage - Doku Schreibt\" \/>\n<meta property=\"og:description\" content=\"Vorlage und Muster f\u00fcr Einzugserm\u00e4chtigung zur Erstellung und Anpassung &#8211; \u00d6ffnen im WORD\u2013 und PDF-Format &nbsp; Vorlage und Muster f\u00fcr ... \u00d6ffnen\" \/>\n<meta property=\"og:url\" content=\"https:\/\/dokuschreibt.com\/de\/einzugsermachtigung-offnen\/\" \/>\n<meta property=\"og:site_name\" content=\"Doku Schreibt\" \/>\n<meta property=\"og:image\" content=\"https:\/\/dokuschreibt.com\/de\/wp-content\/uploads\/wie-schreibt-man-einzugsermachtigung-muster.jpg\" \/>\n<meta name=\"twitter:card\" content=\"summary_large_image\" \/>\n<meta name=\"twitter:label1\" content=\"Gesch\u00e4tzte Lesezeit\" \/>\n\t<meta name=\"twitter:data1\" content=\"1\u00a0Minute\" \/>\n<script type=\"application\/ld+json\" class=\"yoast-schema-graph\">{\"@context\":\"https:\/\/schema.org\",\"@graph\":[{\"@type\":\"WebPage\",\"@id\":\"https:\/\/dokuschreibt.com\/de\/einzugsermachtigung-offnen\/\",\"url\":\"https:\/\/dokuschreibt.com\/de\/einzugsermachtigung-offnen\/\",\"name\":\"\u00d6ffnen - Einzugserm\u00e4chtigung Vorlage - Doku Schreibt\",\"isPartOf\":{\"@id\":\"https:\/\/dokuschreibt.com\/de\/#website\"},\"primaryImageOfPage\":{\"@id\":\"https:\/\/dokuschreibt.com\/de\/einzugsermachtigung-offnen\/#primaryimage\"},\"image\":{\"@id\":\"https:\/\/dokuschreibt.com\/de\/einzugsermachtigung-offnen\/#primaryimage\"},\"thumbnailUrl\":\"https:\/\/dokuschreibt.com\/de\/wp-content\/uploads\/wie-schreibt-man-einzugsermachtigung-muster.jpg\",\"datePublished\":\"2023-10-08T08:45:31+00:00\",\"breadcrumb\":{\"@id\":\"https:\/\/dokuschreibt.com\/de\/einzugsermachtigung-offnen\/#breadcrumb\"},\"inLanguage\":\"de\",\"potentialAction\":[{\"@type\":\"ReadAction\",\"target\":[\"https:\/\/dokuschreibt.com\/de\/einzugsermachtigung-offnen\/\"]}]},{\"@type\":\"ImageObject\",\"inLanguage\":\"de\",\"@id\":\"https:\/\/dokuschreibt.com\/de\/einzugsermachtigung-offnen\/#primaryimage\",\"url\":\"https:\/\/dokuschreibt.com\/de\/wp-content\/uploads\/wie-schreibt-man-absage-an-den-arbeitgeber-muster.jpg\",\"contentUrl\":\"https:\/\/dokuschreibt.com\/de\/wp-content\/uploads\/wie-schreibt-man-absage-an-den-arbeitgeber-muster.jpg\",\"width\":1410,\"height\":2250},{\"@type\":\"BreadcrumbList\",\"@id\":\"https:\/\/dokuschreibt.com\/de\/einzugsermachtigung-offnen\/#breadcrumb\",\"itemListElement\":[{\"@type\":\"ListItem\",\"position\":1,\"name\":\"Portada\",\"item\":\"https:\/\/dokuschreibt.com\/de\/\"},{\"@type\":\"ListItem\",\"position\":2,\"name\":\"\u00d6ffnen &#8211; Einzugserm\u00e4chtigung Vorlage\"}]},{\"@type\":\"WebSite\",\"@id\":\"https:\/\/dokuschreibt.com\/de\/#website\",\"url\":\"https:\/\/dokuschreibt.com\/de\/\",\"name\":\"Doku Schreibt\",\"description\":\"Wie Schreibt Man\",\"publisher\":{\"@id\":\"https:\/\/dokuschreibt.com\/de\/#organization\"},\"potentialAction\":[{\"@type\":\"SearchAction\",\"target\":{\"@type\":\"EntryPoint\",\"urlTemplate\":\"https:\/\/dokuschreibt.com\/de\/?s={search_term_string}\"},\"query-input\":{\"@type\":\"PropertyValueSpecification\",\"valueRequired\":true,\"valueName\":\"search_term_string\"}}],\"inLanguage\":\"de\"},{\"@type\":\"Organization\",\"@id\":\"https:\/\/dokuschreibt.com\/de\/#organization\",\"name\":\"Doku Schreibt\",\"url\":\"https:\/\/dokuschreibt.com\/de\/\",\"logo\":{\"@type\":\"ImageObject\",\"inLanguage\":\"de\",\"@id\":\"https:\/\/dokuschreibt.com\/de\/#\/schema\/logo\/image\/\",\"url\":\"https:\/\/dokuschreibt.com\/de\/wp-content\/uploads\/cropped-fav.png\",\"contentUrl\":\"https:\/\/dokuschreibt.com\/de\/wp-content\/uploads\/cropped-fav.png\",\"width\":512,\"height\":512,\"caption\":\"Doku Schreibt\"},\"image\":{\"@id\":\"https:\/\/dokuschreibt.com\/de\/#\/schema\/logo\/image\/\"}}]}<\/script>\n<!-- \/ Yoast SEO plugin. -->","yoast_head_json":{"title":"\u00d6ffnen - Einzugserm\u00e4chtigung Vorlage - Doku Schreibt","robots":{"index":"noindex","follow":"follow"},"og_locale":"de_DE","og_type":"article","og_title":"\u00d6ffnen - Einzugserm\u00e4chtigung Vorlage - Doku Schreibt","og_description":"Vorlage und Muster f\u00fcr Einzugserm\u00e4chtigung zur Erstellung und Anpassung &#8211; \u00d6ffnen im WORD\u2013 und PDF-Format &nbsp; Vorlage und Muster f\u00fcr ... \u00d6ffnen","og_url":"https:\/\/dokuschreibt.com\/de\/einzugsermachtigung-offnen\/","og_site_name":"Doku Schreibt","og_image":[{"url":"https:\/\/dokuschreibt.com\/de\/wp-content\/uploads\/wie-schreibt-man-einzugsermachtigung-muster.jpg","type":"","width":"","height":""}],"twitter_card":"summary_large_image","twitter_misc":{"Gesch\u00e4tzte Lesezeit":"1\u00a0Minute"},"schema":{"@context":"https:\/\/schema.org","@graph":[{"@type":"WebPage","@id":"https:\/\/dokuschreibt.com\/de\/einzugsermachtigung-offnen\/","url":"https:\/\/dokuschreibt.com\/de\/einzugsermachtigung-offnen\/","name":"\u00d6ffnen - Einzugserm\u00e4chtigung Vorlage - Doku Schreibt","isPartOf":{"@id":"https:\/\/dokuschreibt.com\/de\/#website"},"primaryImageOfPage":{"@id":"https:\/\/dokuschreibt.com\/de\/einzugsermachtigung-offnen\/#primaryimage"},"image":{"@id":"https:\/\/dokuschreibt.com\/de\/einzugsermachtigung-offnen\/#primaryimage"},"thumbnailUrl":"https:\/\/dokuschreibt.com\/de\/wp-content\/uploads\/wie-schreibt-man-einzugsermachtigung-muster.jpg","datePublished":"2023-10-08T08:45:31+00:00","breadcrumb":{"@id":"https:\/\/dokuschreibt.com\/de\/einzugsermachtigung-offnen\/#breadcrumb"},"inLanguage":"de","potentialAction":[{"@type":"ReadAction","target":["https:\/\/dokuschreibt.com\/de\/einzugsermachtigung-offnen\/"]}]},{"@type":"ImageObject","inLanguage":"de","@id":"https:\/\/dokuschreibt.com\/de\/einzugsermachtigung-offnen\/#primaryimage","url":"https:\/\/dokuschreibt.com\/de\/wp-content\/uploads\/wie-schreibt-man-absage-an-den-arbeitgeber-muster.jpg","contentUrl":"https:\/\/dokuschreibt.com\/de\/wp-content\/uploads\/wie-schreibt-man-absage-an-den-arbeitgeber-muster.jpg","width":1410,"height":2250},{"@type":"BreadcrumbList","@id":"https:\/\/dokuschreibt.com\/de\/einzugsermachtigung-offnen\/#breadcrumb","itemListElement":[{"@type":"ListItem","position":1,"name":"Portada","item":"https:\/\/dokuschreibt.com\/de\/"},{"@type":"ListItem","position":2,"name":"\u00d6ffnen &#8211; Einzugserm\u00e4chtigung Vorlage"}]},{"@type":"WebSite","@id":"https:\/\/dokuschreibt.com\/de\/#website","url":"https:\/\/dokuschreibt.com\/de\/","name":"Doku Schreibt","description":"Wie Schreibt Man","publisher":{"@id":"https:\/\/dokuschreibt.com\/de\/#organization"},"potentialAction":[{"@type":"SearchAction","target":{"@type":"EntryPoint","urlTemplate":"https:\/\/dokuschreibt.com\/de\/?s={search_term_string}"},"query-input":{"@type":"PropertyValueSpecification","valueRequired":true,"valueName":"search_term_string"}}],"inLanguage":"de"},{"@type":"Organization","@id":"https:\/\/dokuschreibt.com\/de\/#organization","name":"Doku Schreibt","url":"https:\/\/dokuschreibt.com\/de\/","logo":{"@type":"ImageObject","inLanguage":"de","@id":"https:\/\/dokuschreibt.com\/de\/#\/schema\/logo\/image\/","url":"https:\/\/dokuschreibt.com\/de\/wp-content\/uploads\/cropped-fav.png","contentUrl":"https:\/\/dokuschreibt.com\/de\/wp-content\/uploads\/cropped-fav.png","width":512,"height":512,"caption":"Doku Schreibt"},"image":{"@id":"https:\/\/dokuschreibt.com\/de\/#\/schema\/logo\/image\/"}}]}},"_links":{"self":[{"href":"https:\/\/dokuschreibt.com\/de\/wp-json\/wp\/v2\/pages\/907","targetHints":{"allow":["GET"]}}],"collection":[{"href":"https:\/\/dokuschreibt.com\/de\/wp-json\/wp\/v2\/pages"}],"about":[{"href":"https:\/\/dokuschreibt.com\/de\/wp-json\/wp\/v2\/types\/page"}],"author":[{"embeddable":true,"href":"https:\/\/dokuschreibt.com\/de\/wp-json\/wp\/v2\/users\/1"}],"replies":[{"embeddable":true,"href":"https:\/\/dokuschreibt.com\/de\/wp-json\/wp\/v2\/comments?post=907"}],"version-history":[{"count":0,"href":"https:\/\/dokuschreibt.com\/de\/wp-json\/wp\/v2\/pages\/907\/revisions"}],"wp:attachment":[{"href":"https:\/\/dokuschreibt.com\/de\/wp-json\/wp\/v2\/media?parent=907"}],"curies":[{"name":"wp","href":"https:\/\/api.w.org\/{rel}","templated":true}]}}