{"id":882,"date":"2023-10-08T08:45:18","date_gmt":"2023-10-08T08:45:18","guid":{"rendered":"https:\/\/dokuschreibt.com\/de\/aufrichtige-anteilnahme-offnen\/"},"modified":"2023-10-08T08:45:18","modified_gmt":"2023-10-08T08:45:18","slug":"aufrichtige-anteilnahme-offnen","status":"publish","type":"page","link":"https:\/\/dokuschreibt.com\/de\/aufrichtige-anteilnahme-offnen\/","title":{"rendered":"\u00d6ffnen &#8211; Aufrichtige Anteilnahme Vorlage"},"content":{"rendered":"\r\n<p class=\"has-text-align-center\">Vorlage und Muster f\u00fcr <strong> Aufrichtige Anteilnahme<\/strong> zur Anpassung und Erstellung  &#8211; \u00d6ffnen im <strong>WORD<\/strong>\u2013 und <strong>PDF-Format<\/strong><\/p>\r\n\r\n\r\n<div class=\"wp-block-image\">\r\n<figure class=\"aligncenter size-large is-resized\"><img loading=\"lazy\" decoding=\"async\" class=\"wp-image-215\" src=\"https:\/\/dokuschreibt.com\/de\/wp-content\/uploads\/wie-schreibt-man-aufrichtige-anteilnahme-muster.jpg\" alt=\"\" width=\"245\" height=\"391\" \/><\/figure>\r\n<\/div>\r\n\r\n<hr class=\"wp-block-separator has-alpha-channel-opacity\" \/>\r\n\r\n\r\n<div class=\"su-note\"  style=\"border-color:#e5e5e5;border-radius:10px;-moz-border-radius:10px;-webkit-border-radius:10px;\"><div class=\"su-note-inner su-u-clearfix su-u-trim\" style=\"background-color:#FFFFFF;border-color:#ffffff;color:#333333;border-radius:10px;-moz-border-radius:10px;-webkit-border-radius:10px;\">\r\n<section id=\"specialParagraph\">\r\n<p><p><strong><p>Vorlage Aufrichtige Anteilnahme<\/p><\/strong><\/p>  <p>Lieber [Name des Trauernden],<\/p>  <p>ich m\u00f6chte Ihnen auf diesem Wege meine aufrichtige Anteilnahme zum Ausdruck bringen. Es tut mir unglaublich leid zu h\u00f6ren, dass Ihr [Beziehung des Verstorbenen zum Trauernden] verstorben ist. Mit dem Verlust eines geliebten Menschen gehen oft viele Emotionen und Erfahrungen einher. Ich hoffe, dass Ihnen diese Zeilen in Ihrer Trauer Trost und Unterst\u00fctzung geben k\u00f6nnen.<\/p>  <p>Der Tod ist ein schmerzhafter Abschied, der tiefe L\u00fccken in unsere Herzen rei\u00dfen kann. In solch schweren Zeiten braucht es vor allem eines: Menschen, die f\u00fcr einen da sind und einem Halt geben. Seien Sie versichert, dass ich f\u00fcr Sie da bin und Sie in Gedanken begleite. Sollten Sie jemanden zum Reden oder f\u00fcr andere Hilfe ben\u00f6tigen, z\u00f6gern Sie nicht, sich an mich zu wenden.<\/p>  <p>Ich erinnere mich gerne an die gemeinsamen Momente mit [Name des Verstorbenen]. [Er\/Sie] war ein wundervoller Mensch und wird uns allen sehr fehlen. [Er\/Sie] hat in unseren Herzen einen bleibenden Eindruck hinterlassen und wird dort immer weiterleben. [Name des Verstorbenen] wird nicht nur als [Berufsbezeichnung\/Leidenschaft des Verstorbenen], sondern vor allem als liebevoller [Beziehung des Verstorbenen zum Trauernden] in Erinnerung bleiben.<\/p>  <p>Es gibt keinen richtigen oder falschen Weg, mit dem Verlust umzugehen. Jeder trauert auf seine eigene Weise und in seinem eigenen Tempo. Vergessen Sie nicht, dass Sie nicht allein sind. Wir, Ihre Freunde, Familie und Angeh\u00f6rigen, stehen Ihnen in dieser Zeit zur Seite und werden gemeinsam mit Ihnen durch den Schmerz gehen. Lassen Sie uns den Verlust gemeinsam tragen und einander Halt schenken.<\/p>  <p>Jeder Mensch hinterl\u00e4sst seine ganz eigene Spur in dieser Welt. In unseren Herzen wird [Name des Verstorbenen] immer weiterleben und seine positive Energie wird uns stets begleiten. M\u00f6gen die sch\u00f6nen Erinnerungen an [Name des Verstorbenen] Ihnen in dieser schweren Zeit Trost und Kraft geben.<\/p>  <p>Bitte z\u00f6gern Sie nicht, mich anzurufen oder mir eine Nachricht zu schicken, wenn Sie jemanden zum Reden brauchen oder eine helfende Hand ben\u00f6tigen. Ich bin hier, um Ihnen beizustehen und Ihnen zuzuh\u00f6ren.<\/p>  <p>Nochmals mein tiefstes Beileid zu Ihrem Verlust. M\u00f6ge [Name des Verstorbenen] in Frieden ruhen.<\/p>  <p>Mit aufrichtigem Mitgef\u00fchl,<\/p>  [Ihr Name]  [Ihre Kontaktinformationen]<\/p>\r\n<\/section>\r\n<\/div><\/div>\r\n<p>&nbsp;<\/p>\r\n\r\n\r\n\r\n<p class=\"has-text-align-center\">Muster und Vorlage f\u00fcr <strong> Aufrichtige Anteilnahme<\/strong> zur Erstellung und Anpassung im <strong>WORD<\/strong>\u2013 und <strong>PDF-Format<\/strong><\/p>\r\n\r\n<p><button id=\"generatePDF\">Als PDF Erstellen<\/button><\/p>\r\n<p style=\"text-align: center;\"><strong>Mehr Vorlage und Muster f\u00fcr Aufrichtige Anteilnahme<\/strong><\/p>\r\n<hr class=\"wp-block-separator has-alpha-channel-opacity\" \/>\r\n\r\n\r\n<div class=\"wp-block-columns is-layout-flex wp-container-core-columns-is-layout-9d6595d7 wp-block-columns-is-layout-flex\">\r\n<div class=\"wp-block-column is-layout-flow wp-block-column-is-layout-flow\"><div class=\"su-button-center\"><a href=\"https:\/\/www.trauerundgedenken.de\/data\/148\/editor\/file\/Trauer_und_Gedenken_Kondolenzanschreiben_9_stilvolle_Beileidsbekundungen.pdf\" class=\"su-button su-button-style-flat\" style=\"color:#FFFFFF;background-color:#144bb6;border-color:#103c92;border-radius:1px\" target=\"_self\"><span style=\"color:#FFFFFF;padding:0px 24px;font-size:18px;line-height:36px;border-color:#5b81cc;border-radius:1px;text-shadow:none\">  \u00d6FFNEN &#8211; 1 <\/span><\/a><\/div>\n<\/div>\r\n\r\n\r\n\r\n<div class=\"wp-block-column is-layout-flow wp-block-column-is-layout-flow\"><div class=\"su-button-center\"><a href=\"https:\/\/www.bestattungen-dedenbach.de\/vorlagen\/item\/download\/26_bf658e2086f574733acfce7a0f383fce\" class=\"su-button su-button-style-flat\" style=\"color:#FFFFFF;background-color:#144bb6;border-color:#103c92;border-radius:1px\" target=\"_self\"><span style=\"color:#FFFFFF;padding:0px 24px;font-size:18px;line-height:36px;border-color:#5b81cc;border-radius:1px;text-shadow:none\">  \u00d6FFNEN &#8211; 2 <\/span><\/a><\/div>\n<\/div>\r\n<\/div>\r\n\r\n\r\n<hr class=\"wp-block-separator has-alpha-channel-opacity\" \/>\r\n\r\n\r\n<figure class=\"wp-block-table aligncenter\">\r\n<table>\r\n<tbody>\r\n<tr>\r\n<td><strong>Aufrichtige Anteilnahme<\/strong><\/td>\r\n<\/tr>\r\n<tr>\r\n<td>PDF &#8211; WORD Format<\/td>\r\n<\/tr>\r\n<tr>\r\n<td>Bewertung: \u2b50\u2b50\u2b50\u2b50\u2b50 4.0<\/td>\r\n<\/tr>\r\n<tr>\r\n<td>Ergebnisse &#8211; 2952<\/td>\r\n<\/tr>\r\n<\/tbody>\r\n<\/table>\r\n<\/figure>\r\n\r\n\r\n<hr class=\"wp-block-separator has-alpha-channel-opacity\" \/>\r\n<div class=\"su-note\"  style=\"border-color:#e5e5e5;border-radius:10px;-moz-border-radius:10px;-webkit-border-radius:10px;\"><div class=\"su-note-inner su-u-clearfix su-u-trim\" style=\"background-color:#FFFFFF;border-color:#ffffff;color:#333333;border-radius:10px;-moz-border-radius:10px;-webkit-border-radius:10px;\">\r\n<p><dt><dd><h3>Schritt 1: Den richtigen Zeitpunkt w\u00e4hlen<\/h3><\/dd><\/dt> <p>Bevor Sie anfangen, Aufrichtige Anteilnahme zu schreiben, ist es wichtig, den richtigen Zeitpunkt zu w\u00e4hlen. Warten Sie etwa eine Woche nach dem Verlust, um sicherzustellen, dass die Familie genug Zeit hatte, um den Schmerz zu verarbeiten.<\/p> <p><strong>Tipp:<\/strong> Beachten Sie auch religi\u00f6se oder kulturelle Traditionen, die den Zeitpunkt f\u00fcr die Anteilnahme beeinflussen k\u00f6nnten.<\/p>  <dt><dd><h3>Schritt 2: Den passenden Ort ausw\u00e4hlen<\/h3><\/dd><\/dt> <p>W\u00e4hlen Sie einen ruhigen Ort, an dem Sie sich auf das Schreiben konzentrieren k\u00f6nnen. Vermeiden Sie Ablenkungen wie laute Musik oder Fernsehen. Stellen Sie sicher, dass Sie genug Zeit haben, um die Anteilnahme in Ruhe zu verfassen.<\/p> <p><strong>Tipp:<\/strong> Schreiben Sie die Anteilnahme von Hand auf eine hochwertige Karte oder nutzen Sie eine geeignete Schreib-App, um sicherzustellen, dass Ihre Worte angemessen und gut leserlich sind.<\/p>  <dt><dd><h3>Schritt 3: Die richtigen Worte finden<\/h3><\/dd><\/dt> <p>Es ist oft schwierig, die richtigen Worte zu finden, um Aufrichtige Anteilnahme auszudr\u00fccken. Verwenden Sie einfache und ehrliche Worte, die von Herzen kommen. Denken Sie daran, dass das wichtigste, dass Sie Ihre Anteilnahme zeigen und Unterst\u00fctzung bieten m\u00f6chten.<\/p> <p><strong>Tipp:<\/strong> Wenn Sie sich unsicher sind, k\u00f6nnen Sie sich an Beispielen und Vorlagen orientieren, um Inspiration f\u00fcr Ihre eigenen Worte zu finden.<\/p>  <dt><dd><h3>Schritt 4: Mit dem richtigen Ton schreiben<\/h3><\/dd><\/dt> <p>Das Schreiben von Aufrichtige Anteilnahme erfordert einen einf\u00fchlsamen und respektvollen Ton. Vermeiden Sie beleidigende oder unpassende Formulierungen. Zeigen Sie Mitgef\u00fchl und Wertsch\u00e4tzung f\u00fcr die Person, die Sie trauern.<\/p> <p><strong>Tipp:<\/strong> Denken Sie immer daran, dass Ihre Worte die Gef\u00fchle der trauernden Person widerspiegeln sollten und ihnen Trost spenden sollten.<\/p>  <dt><dd><h3>Schritt 5: Pers\u00f6nliche Erinnerungen teilen (optional)<\/h3><\/dd><\/dt> <p>Wenn Sie die verstorbene Person gut kannten, k\u00f6nnen Sie pers\u00f6nliche Erinnerungen teilen, um Ihre Anteilnahme auszudr\u00fccken. Erinnern Sie sich an gemeinsame Erlebnisse oder Eigenschaften, die Sie an der Person gesch\u00e4tzt haben.<\/p> <p><strong>Tipp:<\/strong> Seien Sie vorsichtig, dass Ihre pers\u00f6nlichen Erinnerungen nicht zu dominant sind und den Fokus von der trauernden Person wegnehmen.<\/p>  <dt><dd><h3>Schritt 6: Unterst\u00fctzung anbieten<\/h3><\/dd><\/dt> <p>Aufrichtige Anteilnahme geht \u00fcber das Schreiben hinaus. Bieten Sie auch praktische Unterst\u00fctzung an, wie zum Beispiel Hilfe bei den Vorbereitungen der Beerdigung, Einkaufen oder Kochen.<\/p> <p><strong>Tipp:<\/strong> Seien Sie spezifisch in Ihrem Angebot, um der trauernden Person zu zeigen, dass Sie wirklich helfen m\u00f6chten.<\/p>  <dt><dd><h3>Schritt 7: Schlusswort und Unterschrift<\/h3><\/dd><\/dt> <p>Beenden Sie die Aufrichtige Anteilnahme mit einer positiven Botschaft und einer Unterschrift. Verwenden Sie eine angemessene Gru\u00dfformel und Ihren Namen.<\/p> <p><strong>Tipp:<\/strong> Sie k\u00f6nnen auch ein Bibelzitat, ein Gedicht oder einen Segenswunsch hinzuf\u00fcgen, um Ihre W\u00fcnsche noch pers\u00f6nlicher zu machen.<\/p>  <p>Das Schreiben von Aufrichtige Anteilnahme erfordert Zeit, Sorgfalt und Mitgef\u00fchl. Nehmen Sie sich die Zeit, um Ihre Worte sorgf\u00e4ltig zu w\u00e4hlen und den Empf\u00e4nger zu tr\u00f6sten. Ihre Anteilnahme wird gesch\u00e4tzt werden und den Hinterbliebenen Trost spenden.<\/p> <p><strong>Vergessen Sie nicht, dass es wichtig ist, konsistent und ehrlich zu sein, um Ihre Anteilnahme zu zeigen!<\/strong><\/p><\/p>\r\n<\/div><\/div>\r\n<hr class=\"wp-block-separator has-alpha-channel-opacity\" \/>","protected":false},"excerpt":{"rendered":"<p>Vorlage und Muster f\u00fcr Aufrichtige Anteilnahme zur Anpassung und Erstellung &#8211; \u00d6ffnen im WORD\u2013 und PDF-Format &nbsp; Muster und Vorlage &#8230; <\/p>\n<p class=\"read-more-container\"><a title=\"\u00d6ffnen &#8211; Aufrichtige Anteilnahme Vorlage\" class=\"read-more button\" href=\"https:\/\/dokuschreibt.com\/de\/aufrichtige-anteilnahme-offnen\/#more-882\" aria-label=\"Mehr zu \u00d6ffnen &#8211; Aufrichtige Anteilnahme Vorlage\">\u00d6ffnen<\/a><\/p>\n","protected":false},"author":1,"featured_media":0,"parent":0,"menu_order":0,"comment_status":"closed","ping_status":"closed","template":"","meta":{"footnotes":""},"class_list":{"0":"post-882","1":"page","2":"type-page","3":"status-publish","5":"infinite-scroll-item"},"yoast_head":"<!-- This site is optimized with the Yoast SEO plugin v24.6 - https:\/\/yoast.com\/wordpress\/plugins\/seo\/ -->\n<title>\u00d6ffnen - Aufrichtige Anteilnahme Vorlage - Doku Schreibt<\/title>\n<meta name=\"robots\" content=\"noindex, follow\" \/>\n<meta property=\"og:locale\" content=\"de_DE\" \/>\n<meta property=\"og:type\" content=\"article\" \/>\n<meta property=\"og:title\" content=\"\u00d6ffnen - Aufrichtige Anteilnahme Vorlage - Doku Schreibt\" \/>\n<meta property=\"og:description\" content=\"Vorlage und Muster f\u00fcr Aufrichtige Anteilnahme zur Anpassung und Erstellung &#8211; \u00d6ffnen im WORD\u2013 und PDF-Format &nbsp; Muster und Vorlage ... \u00d6ffnen\" \/>\n<meta property=\"og:url\" content=\"https:\/\/dokuschreibt.com\/de\/aufrichtige-anteilnahme-offnen\/\" \/>\n<meta property=\"og:site_name\" content=\"Doku Schreibt\" \/>\n<meta property=\"og:image\" content=\"https:\/\/dokuschreibt.com\/de\/wp-content\/uploads\/wie-schreibt-man-aufrichtige-anteilnahme-muster.jpg\" \/>\n<meta name=\"twitter:card\" content=\"summary_large_image\" \/>\n<meta name=\"twitter:label1\" content=\"Gesch\u00e4tzte Lesezeit\" \/>\n\t<meta name=\"twitter:data1\" content=\"1\u00a0Minute\" \/>\n<script type=\"application\/ld+json\" class=\"yoast-schema-graph\">{\"@context\":\"https:\/\/schema.org\",\"@graph\":[{\"@type\":\"WebPage\",\"@id\":\"https:\/\/dokuschreibt.com\/de\/aufrichtige-anteilnahme-offnen\/\",\"url\":\"https:\/\/dokuschreibt.com\/de\/aufrichtige-anteilnahme-offnen\/\",\"name\":\"\u00d6ffnen - Aufrichtige Anteilnahme Vorlage - Doku Schreibt\",\"isPartOf\":{\"@id\":\"https:\/\/dokuschreibt.com\/de\/#website\"},\"primaryImageOfPage\":{\"@id\":\"https:\/\/dokuschreibt.com\/de\/aufrichtige-anteilnahme-offnen\/#primaryimage\"},\"image\":{\"@id\":\"https:\/\/dokuschreibt.com\/de\/aufrichtige-anteilnahme-offnen\/#primaryimage\"},\"thumbnailUrl\":\"https:\/\/dokuschreibt.com\/de\/wp-content\/uploads\/wie-schreibt-man-aufrichtige-anteilnahme-muster.jpg\",\"datePublished\":\"2023-10-08T08:45:18+00:00\",\"breadcrumb\":{\"@id\":\"https:\/\/dokuschreibt.com\/de\/aufrichtige-anteilnahme-offnen\/#breadcrumb\"},\"inLanguage\":\"de\",\"potentialAction\":[{\"@type\":\"ReadAction\",\"target\":[\"https:\/\/dokuschreibt.com\/de\/aufrichtige-anteilnahme-offnen\/\"]}]},{\"@type\":\"ImageObject\",\"inLanguage\":\"de\",\"@id\":\"https:\/\/dokuschreibt.com\/de\/aufrichtige-anteilnahme-offnen\/#primaryimage\",\"url\":\"https:\/\/dokuschreibt.com\/de\/wp-content\/uploads\/wie-schreibt-man-absage-an-den-arbeitgeber-muster.jpg\",\"contentUrl\":\"https:\/\/dokuschreibt.com\/de\/wp-content\/uploads\/wie-schreibt-man-absage-an-den-arbeitgeber-muster.jpg\",\"width\":1410,\"height\":2250},{\"@type\":\"BreadcrumbList\",\"@id\":\"https:\/\/dokuschreibt.com\/de\/aufrichtige-anteilnahme-offnen\/#breadcrumb\",\"itemListElement\":[{\"@type\":\"ListItem\",\"position\":1,\"name\":\"Portada\",\"item\":\"https:\/\/dokuschreibt.com\/de\/\"},{\"@type\":\"ListItem\",\"position\":2,\"name\":\"\u00d6ffnen &#8211; Aufrichtige Anteilnahme Vorlage\"}]},{\"@type\":\"WebSite\",\"@id\":\"https:\/\/dokuschreibt.com\/de\/#website\",\"url\":\"https:\/\/dokuschreibt.com\/de\/\",\"name\":\"Doku Schreibt\",\"description\":\"Wie Schreibt Man\",\"publisher\":{\"@id\":\"https:\/\/dokuschreibt.com\/de\/#organization\"},\"potentialAction\":[{\"@type\":\"SearchAction\",\"target\":{\"@type\":\"EntryPoint\",\"urlTemplate\":\"https:\/\/dokuschreibt.com\/de\/?s={search_term_string}\"},\"query-input\":{\"@type\":\"PropertyValueSpecification\",\"valueRequired\":true,\"valueName\":\"search_term_string\"}}],\"inLanguage\":\"de\"},{\"@type\":\"Organization\",\"@id\":\"https:\/\/dokuschreibt.com\/de\/#organization\",\"name\":\"Doku Schreibt\",\"url\":\"https:\/\/dokuschreibt.com\/de\/\",\"logo\":{\"@type\":\"ImageObject\",\"inLanguage\":\"de\",\"@id\":\"https:\/\/dokuschreibt.com\/de\/#\/schema\/logo\/image\/\",\"url\":\"https:\/\/dokuschreibt.com\/de\/wp-content\/uploads\/cropped-fav.png\",\"contentUrl\":\"https:\/\/dokuschreibt.com\/de\/wp-content\/uploads\/cropped-fav.png\",\"width\":512,\"height\":512,\"caption\":\"Doku Schreibt\"},\"image\":{\"@id\":\"https:\/\/dokuschreibt.com\/de\/#\/schema\/logo\/image\/\"}}]}<\/script>\n<!-- \/ Yoast SEO plugin. -->","yoast_head_json":{"title":"\u00d6ffnen - Aufrichtige Anteilnahme Vorlage - Doku Schreibt","robots":{"index":"noindex","follow":"follow"},"og_locale":"de_DE","og_type":"article","og_title":"\u00d6ffnen - Aufrichtige Anteilnahme Vorlage - Doku Schreibt","og_description":"Vorlage und Muster f\u00fcr Aufrichtige Anteilnahme zur Anpassung und Erstellung &#8211; \u00d6ffnen im WORD\u2013 und PDF-Format &nbsp; Muster und Vorlage ... \u00d6ffnen","og_url":"https:\/\/dokuschreibt.com\/de\/aufrichtige-anteilnahme-offnen\/","og_site_name":"Doku Schreibt","og_image":[{"url":"https:\/\/dokuschreibt.com\/de\/wp-content\/uploads\/wie-schreibt-man-aufrichtige-anteilnahme-muster.jpg","type":"","width":"","height":""}],"twitter_card":"summary_large_image","twitter_misc":{"Gesch\u00e4tzte Lesezeit":"1\u00a0Minute"},"schema":{"@context":"https:\/\/schema.org","@graph":[{"@type":"WebPage","@id":"https:\/\/dokuschreibt.com\/de\/aufrichtige-anteilnahme-offnen\/","url":"https:\/\/dokuschreibt.com\/de\/aufrichtige-anteilnahme-offnen\/","name":"\u00d6ffnen - Aufrichtige Anteilnahme Vorlage - Doku Schreibt","isPartOf":{"@id":"https:\/\/dokuschreibt.com\/de\/#website"},"primaryImageOfPage":{"@id":"https:\/\/dokuschreibt.com\/de\/aufrichtige-anteilnahme-offnen\/#primaryimage"},"image":{"@id":"https:\/\/dokuschreibt.com\/de\/aufrichtige-anteilnahme-offnen\/#primaryimage"},"thumbnailUrl":"https:\/\/dokuschreibt.com\/de\/wp-content\/uploads\/wie-schreibt-man-aufrichtige-anteilnahme-muster.jpg","datePublished":"2023-10-08T08:45:18+00:00","breadcrumb":{"@id":"https:\/\/dokuschreibt.com\/de\/aufrichtige-anteilnahme-offnen\/#breadcrumb"},"inLanguage":"de","potentialAction":[{"@type":"ReadAction","target":["https:\/\/dokuschreibt.com\/de\/aufrichtige-anteilnahme-offnen\/"]}]},{"@type":"ImageObject","inLanguage":"de","@id":"https:\/\/dokuschreibt.com\/de\/aufrichtige-anteilnahme-offnen\/#primaryimage","url":"https:\/\/dokuschreibt.com\/de\/wp-content\/uploads\/wie-schreibt-man-absage-an-den-arbeitgeber-muster.jpg","contentUrl":"https:\/\/dokuschreibt.com\/de\/wp-content\/uploads\/wie-schreibt-man-absage-an-den-arbeitgeber-muster.jpg","width":1410,"height":2250},{"@type":"BreadcrumbList","@id":"https:\/\/dokuschreibt.com\/de\/aufrichtige-anteilnahme-offnen\/#breadcrumb","itemListElement":[{"@type":"ListItem","position":1,"name":"Portada","item":"https:\/\/dokuschreibt.com\/de\/"},{"@type":"ListItem","position":2,"name":"\u00d6ffnen &#8211; Aufrichtige Anteilnahme Vorlage"}]},{"@type":"WebSite","@id":"https:\/\/dokuschreibt.com\/de\/#website","url":"https:\/\/dokuschreibt.com\/de\/","name":"Doku Schreibt","description":"Wie Schreibt Man","publisher":{"@id":"https:\/\/dokuschreibt.com\/de\/#organization"},"potentialAction":[{"@type":"SearchAction","target":{"@type":"EntryPoint","urlTemplate":"https:\/\/dokuschreibt.com\/de\/?s={search_term_string}"},"query-input":{"@type":"PropertyValueSpecification","valueRequired":true,"valueName":"search_term_string"}}],"inLanguage":"de"},{"@type":"Organization","@id":"https:\/\/dokuschreibt.com\/de\/#organization","name":"Doku Schreibt","url":"https:\/\/dokuschreibt.com\/de\/","logo":{"@type":"ImageObject","inLanguage":"de","@id":"https:\/\/dokuschreibt.com\/de\/#\/schema\/logo\/image\/","url":"https:\/\/dokuschreibt.com\/de\/wp-content\/uploads\/cropped-fav.png","contentUrl":"https:\/\/dokuschreibt.com\/de\/wp-content\/uploads\/cropped-fav.png","width":512,"height":512,"caption":"Doku Schreibt"},"image":{"@id":"https:\/\/dokuschreibt.com\/de\/#\/schema\/logo\/image\/"}}]}},"_links":{"self":[{"href":"https:\/\/dokuschreibt.com\/de\/wp-json\/wp\/v2\/pages\/882","targetHints":{"allow":["GET"]}}],"collection":[{"href":"https:\/\/dokuschreibt.com\/de\/wp-json\/wp\/v2\/pages"}],"about":[{"href":"https:\/\/dokuschreibt.com\/de\/wp-json\/wp\/v2\/types\/page"}],"author":[{"embeddable":true,"href":"https:\/\/dokuschreibt.com\/de\/wp-json\/wp\/v2\/users\/1"}],"replies":[{"embeddable":true,"href":"https:\/\/dokuschreibt.com\/de\/wp-json\/wp\/v2\/comments?post=882"}],"version-history":[{"count":0,"href":"https:\/\/dokuschreibt.com\/de\/wp-json\/wp\/v2\/pages\/882\/revisions"}],"wp:attachment":[{"href":"https:\/\/dokuschreibt.com\/de\/wp-json\/wp\/v2\/media?parent=882"}],"curies":[{"name":"wp","href":"https:\/\/api.w.org\/{rel}","templated":true}]}}