{"id":767,"date":"2023-10-08T08:44:19","date_gmt":"2023-10-08T08:44:19","guid":{"rendered":"https:\/\/dokuschreibt.com\/de\/inhaltsangabe-schluss-offnen\/"},"modified":"2023-10-08T08:44:19","modified_gmt":"2023-10-08T08:44:19","slug":"inhaltsangabe-schluss-offnen","status":"publish","type":"page","link":"https:\/\/dokuschreibt.com\/de\/inhaltsangabe-schluss-offnen\/","title":{"rendered":"\u00d6ffnen &#8211; Inhaltsangabe Schluss Vorlage"},"content":{"rendered":"\r\n<p class=\"has-text-align-center\">Vorlage und Muster f\u00fcr <strong> Inhaltsangabe Schluss<\/strong> zur Erstellung und Anpassung &#8211; \u00d6ffnen im <strong>WORD<\/strong>\u2013 und <strong>PDF-Format<\/strong><\/p>\r\n\r\n\r\n<div class=\"wp-block-image\">\r\n<figure class=\"aligncenter size-large is-resized\"><img loading=\"lazy\" decoding=\"async\" class=\"wp-image-215\" src=\"https:\/\/dokuschreibt.com\/de\/wp-content\/uploads\/wie-schreibt-man-inhaltsangabe-schluss-muster.jpg\" alt=\"\" width=\"245\" height=\"391\" \/><\/figure>\r\n<\/div>\r\n\r\n<hr class=\"wp-block-separator has-alpha-channel-opacity\" \/>\r\n\r\n\r\n<div class=\"su-note\"  style=\"border-color:#e5e5e5;border-radius:10px;-moz-border-radius:10px;-webkit-border-radius:10px;\"><div class=\"su-note-inner su-u-clearfix su-u-trim\" style=\"background-color:#FFFFFF;border-color:#ffffff;color:#333333;border-radius:10px;-moz-border-radius:10px;-webkit-border-radius:10px;\">\r\n<section id=\"specialParagraph\">\r\n<p><p> <strong><p> Vorlage Inhaltsangabe Schluss <\/p><\/strong> <ol> <li>Einleitung<\/li> <li>Hauptteil<\/li> <li>Schluss<\/li> <\/ol>  <ol> <li><strong>Einleitung:<\/strong> <\/li> <ul> <li>Hintergrundinformationen zum Thema geben<\/li> <li>Ziel der Inhaltsangabe nennen<\/li> <\/ul>  <li><strong>Hauptteil:<\/strong><\/li> <ul> <li>Die wichtigsten Punkte des Textes zusammenfassen und strukturieren<\/li> <li>Auf die Reihenfolge der Punkte achten<\/li> <li>Die Informationen knapp und pr\u00e4zise formulieren<\/li> <li>Wichtige Zitate oder Beispiele einbringen<\/li> <\/ul>  <li><strong>Schluss:<\/strong><\/li> <ul> <li>Eine kurze pers\u00f6nliche Einsch\u00e4tzung des Textes geben<\/li> <li>Die Inhaltsangabe zusammenfassen und das Fazit daraus ziehen<\/li> <li>Eventuell eine Empfehlung oder Bewertung abgeben<\/li> <\/ul> <\/ol> <\/p>  <p> Eine Inhaltsangabe dient dazu, den Inhalt eines Textes in kompakter Form wiederzugeben. Dabei werden die wichtigsten Informationen herausgefiltert und in einer logischen Reihenfolge pr\u00e4sentiert. In diesem Schlussteil einer Inhaltsangabe wird die Zusammenfassung abgeschlossen und eine pers\u00f6nliche Bewertung oder Empfehlung gegeben. <\/p>  <p> Die Einleitung gibt einen kurzen \u00dcberblick \u00fcber den Hintergrund des Textes. Hier k\u00f6nnen relevante Informationen zur Autorin oder zum Autor, zur Entstehungszeit oder zum Thema genannt werden. Zudem sollte in der Einleitung das Ziel der Inhaltsangabe klar formuliert werden. Es soll verst\u00e4ndlich gemacht werden, warum diese Zusammenfassung verfasst wurde und welche Informationen vermittelt werden sollen. <\/p>  <p> Im Hauptteil werden die wichtigsten Punkte des Textes aufgef\u00fchrt. Dabei ist es wichtig, eine klare Struktur einzuhalten und die Informationen in einer logischen Reihenfolge zu pr\u00e4sentieren. Die Informationen sollten knapp und pr\u00e4zise formuliert werden, sodass die Leserinnen und Leser einen guten \u00dcberblick \u00fcber den Inhalt erhalten. Bei Bedarf k\u00f6nnen auch Zitate oder Beispiele aus dem Text zur Veranschaulichung eingebracht werden. <\/p>  <p> Im Schluss der Inhaltsangabe erfolgt eine kurze pers\u00f6nliche Einsch\u00e4tzung des Textes. Hier kann die eigene Meinung zum Inhalt, zur Sprache oder zur Aussage des Textes ge\u00e4u\u00dfert werden. Die Zusammenfassung der Inhaltsangabe wird noch einmal kurz wiederholt und ein Fazit daraus gezogen. Je nach Bedarf kann auch eine Empfehlung oder Bewertung abgegeben werden. <\/p>  <p> Eine gut strukturierte Inhaltsangabe erm\u00f6glicht es den Leserinnen und Lesern, schnell den Inhalt eines Textes zu erfassen und eine Einsch\u00e4tzung dar\u00fcber zu bekommen, ob es sich lohnt, den gesamten Text zu lesen. So kann eine Inhaltsangabe eine wertvolle Hilfe bei der Auswahl geeigneter Texte sein oder auch zur Vorbereitung auf eine m\u00fcndliche oder schriftliche Pr\u00fcfung dienen. <\/p><\/p>\r\n<\/section>\r\n<\/div><\/div>\r\n<p>&nbsp;<\/p>\r\n\r\n\r\n\r\n<p class=\"has-text-align-center\">Muster und Vorlage f\u00fcr <strong> Inhaltsangabe Schluss<\/strong> zur Erstellung und Anpassung im <strong>WORD<\/strong>\u2013 und <strong>PDF-Format<\/strong><\/p>\r\n\r\n<p><button id=\"generatePDF\">Als PDF Erstellen<\/button><\/p>\r\n<p style=\"text-align: center;\"><strong>Mehr Vorlage und Muster f\u00fcr Inhaltsangabe Schluss<\/strong><\/p>\r\n<hr class=\"wp-block-separator has-alpha-channel-opacity\" \/>\r\n\r\n\r\n<div class=\"wp-block-columns is-layout-flex wp-container-core-columns-is-layout-9d6595d7 wp-block-columns-is-layout-flex\">\r\n<div class=\"wp-block-column is-layout-flow wp-block-column-is-layout-flow\"><div class=\"su-button-center\"><a href=\"https:\/\/deutschstundeonline.de\/wp-content\/uploads\/2017\/04\/Inhaltsangabe.pdf\" class=\"su-button su-button-style-flat\" style=\"color:#FFFFFF;background-color:#144bb6;border-color:#103c92;border-radius:1px\" target=\"_self\"><span style=\"color:#FFFFFF;padding:0px 24px;font-size:18px;line-height:36px;border-color:#5b81cc;border-radius:1px;text-shadow:none\">  \u00d6FFNEN &#8211; 1 <\/span><\/a><\/div>\n<\/div>\r\n\r\n\r\n\r\n<div class=\"wp-block-column is-layout-flow wp-block-column-is-layout-flow\"><div class=\"su-button-center\"><a href=\"https:\/\/media.studienkreis.de\/assets\/courses\/media\/musterbeispiel-zusammenfassung.pdf\" class=\"su-button su-button-style-flat\" style=\"color:#FFFFFF;background-color:#144bb6;border-color:#103c92;border-radius:1px\" target=\"_self\"><span style=\"color:#FFFFFF;padding:0px 24px;font-size:18px;line-height:36px;border-color:#5b81cc;border-radius:1px;text-shadow:none\">  \u00d6FFNEN &#8211; 2 <\/span><\/a><\/div>\n<\/div>\r\n<\/div>\r\n\r\n\r\n<hr class=\"wp-block-separator has-alpha-channel-opacity\" \/>\r\n\r\n\r\n<figure class=\"wp-block-table aligncenter\">\r\n<table>\r\n<tbody>\r\n<tr>\r\n<td><strong>Inhaltsangabe Schluss<\/strong><\/td>\r\n<\/tr>\r\n<tr>\r\n<td>PDF &#8211; WORD Format<\/td>\r\n<\/tr>\r\n<tr>\r\n<td>Bewertung: \u2b50\u2b50\u2b50\u2b50\u2b50 4.90<\/td>\r\n<\/tr>\r\n<tr>\r\n<td>Ergebnisse &#8211; 2992<\/td>\r\n<\/tr>\r\n<\/tbody>\r\n<\/table>\r\n<\/figure>\r\n\r\n\r\n<hr class=\"wp-block-separator has-alpha-channel-opacity\" \/>\r\n<div class=\"su-note\"  style=\"border-color:#e5e5e5;border-radius:10px;-moz-border-radius:10px;-webkit-border-radius:10px;\"><div class=\"su-note-inner su-u-clearfix su-u-trim\" style=\"background-color:#FFFFFF;border-color:#ffffff;color:#333333;border-radius:10px;-moz-border-radius:10px;-webkit-border-radius:10px;\">\r\n<p><p><dt><strong>Schritt 1: Verstehen Sie den Zweck des Inhaltsangabe Schlusses<\/strong><\/dt><\/p>  <p>Bevor Sie mit dem Schreiben des Inhaltsangabe Schlusses beginnen, ist es wichtig, den Zweck dieses Abschnitts zu verstehen. Der Schluss der Inhaltsangabe dient dazu, die wichtigsten Punkte des Textes zusammenzufassen und dem Leser einen abschlie\u00dfenden Eindruck zu vermitteln. Es ist eine Gelegenheit, die Hauptargumente und Schlussfolgerungen der Inhaltsangabe noch einmal klar und pr\u00e4gnant zu pr\u00e4sentieren.<\/p>  <p><dt><strong>Schritt 2: Lesen und analysieren Sie den Text<\/strong><\/dt><\/p>  <p>Um einen guten Inhaltsangabe Schluss schreiben zu k\u00f6nnen, ist es wichtig, den Text gr\u00fcndlich zu lesen und zu analysieren. Versuchen Sie, die haupts\u00e4chlichen Argumente und Punkte des Textes zu identifizieren und zu verstehen. Notieren Sie sich wichtige Details und Informationen, die Sie in Ihrem Schluss erw\u00e4hnen m\u00f6chten.<\/p>  <p><dt><strong>Schritt 3: \u00dcberpr\u00fcfen Sie Ihre Einleitung<\/strong><\/dt><\/p>  <p>Bevor Sie mit dem Schreiben des Schlusses beginnen, ist es ratsam, Ihre Einleitung noch einmal zu \u00fcberpr\u00fcfen. Der Schluss sollte auf die Einleitung Bezug nehmen und eine Verbindung zu den dort vorgestellten Ideen und Argumenten herstellen. Stellen Sie sicher, dass der Schluss den Leser zum Textanfang zur\u00fcckf\u00fchrt und die Hauptargumente des Textes zusammenfasst.<\/p>  <p><dt><strong>Schritt 4: Fassen Sie die Hauptargumente zusammen<\/strong><\/dt><\/p>  <p>Im Inhaltsangabe Schluss sollten Sie die Hauptargumente und Schlussfolgerungen des Textes zusammenfassen. Nutzen Sie dabei Ihre Notizen und konzentrieren Sie sich auf die wichtigsten Punkte. Verwenden Sie klare und pr\u00e4gnante Sprache, um die Zusammenfassung so verst\u00e4ndlich wie m\u00f6glich zu machen.<\/p>  <p><dt><strong>Schritt 5: Betonen Sie die wichtigsten Punkte<\/strong><\/dt><\/p>  <p>Nachdem Sie die Hauptargumente zusammengefasst haben, ist es wichtig, die wichtigsten Punkte in Ihrem Schluss hervorzuheben. W\u00e4hlen Sie diejenigen Aspekte aus, die besonders bedeutend sind und pr\u00e4sentieren Sie sie nochmals in einer klar und deutlichen Art und Weise. Dies hilft dem Leser, sich besser an die Kernbotschaft des Textes zu erinnern.<\/p>  <p><dt><strong>Schritt 6: F\u00fcgen Sie Ihre Schlussfolgerung hinzu<\/strong><\/dt><\/p>  <p>Der Schluss der Inhaltsangabe sollte auch eine Schlussfolgerung enthalten. Nehmen Sie Bezug auf die im Text ge\u00e4u\u00dferten Argumente und ziehen Sie eine abschlie\u00dfende, informative Schlussfolgerung. Stellen Sie sicher, dass Ihre Schlussfolgerung logisch und gut begr\u00fcndet ist.<\/p>  <p><dt><strong>Schritt 7: \u00dcberpr\u00fcfen und bearbeiten Sie Ihren Schluss<\/strong><\/dt><\/p>  <p>Nachdem Sie den Inhaltsangabe Schluss geschrieben haben, ist es wichtig, diesen noch einmal sorgf\u00e4ltig zu \u00fcberpr\u00fcfen und zu bearbeiten. Achten Sie auf m\u00f6gliche Grammatik- und Rechtschreibfehler sowie auf die Verwendung klarer und pr\u00e4ziser Sprache.<\/p>  <p><dt><strong>Schritt 8: Lesen Sie Ihren Schluss laut vor<\/strong><\/dt><\/p>  <p>Um sicherzustellen, dass Ihr Inhaltsangabe Schluss gut klingt und fl\u00fcssig ist, lesen Sie ihn laut vor. H\u00f6ren Sie aufmerksam zu und stellen Sie sicher, dass Ihre Formulierungen verst\u00e4ndlich und ansprechend sind. \u00dcberarbeiten Sie Ihren Schluss gegebenenfalls noch einmal, um ihn zu verbessern.<\/p>  <p><dt><strong>Schritt 9: Lassen Sie Ihren Schluss von jemandem \u00fcberpr\u00fcfen<\/strong><\/dt><\/p>  <p>Es ist ratsam, jemand anderen Ihren Inhaltsangabe Schluss lesen zu lassen, um Feedback zu erhalten. Ein anderer Leser kann m\u00f6glicherweise Fehler oder Verbesserungsvorschl\u00e4ge erkennen, die Ihnen entgangen sind. Nutzen Sie das Feedback, um Ihren Schluss zu optimieren und noch besser zu machen.<\/p>  <p><dt><strong>Schritt 10: Finalisieren Sie Ihren Schluss<\/strong><\/dt><\/p>  <p>Nachdem Sie alle Vorschl\u00e4ge und Anregungen erhalten haben, finalisieren Sie Ihren Inhaltsangabe Schluss. \u00dcberpr\u00fcfen Sie ein letztes Mal alle Aspekte und bringen Sie den Schluss in eine endg\u00fcltige Form. Stellen Sie sicher, dass Sie mit dem Ergebnis zufrieden sind und dass er den Anforderungen Ihrer Inhaltsangabe entspricht.<\/p>  <p>Mit dieser Schritt-f\u00fcr-Schritt-Anleitung sind Sie nun in der Lage, einen guten und pr\u00e4gnanten Inhaltsangabe Schluss zu schreiben. \u00dcben Sie regelm\u00e4\u00dfig, um Ihre F\u00e4higkeiten zu verbessern, und lassen Sie sich von Feedback anderer Leser inspirieren.<\/p><\/p>\r\n<\/div><\/div>\r\n<hr class=\"wp-block-separator has-alpha-channel-opacity\" \/>","protected":false},"excerpt":{"rendered":"<p>Vorlage und Muster f\u00fcr Inhaltsangabe Schluss zur Erstellung und Anpassung &#8211; \u00d6ffnen im WORD\u2013 und PDF-Format &nbsp; Muster und Vorlage &#8230; <\/p>\n<p class=\"read-more-container\"><a title=\"\u00d6ffnen &#8211; Inhaltsangabe Schluss Vorlage\" class=\"read-more button\" href=\"https:\/\/dokuschreibt.com\/de\/inhaltsangabe-schluss-offnen\/#more-767\" aria-label=\"Mehr zu \u00d6ffnen &#8211; Inhaltsangabe Schluss Vorlage\">\u00d6ffnen<\/a><\/p>\n","protected":false},"author":1,"featured_media":0,"parent":0,"menu_order":0,"comment_status":"closed","ping_status":"closed","template":"","meta":{"footnotes":""},"class_list":{"0":"post-767","1":"page","2":"type-page","3":"status-publish","5":"infinite-scroll-item"},"yoast_head":"<!-- This site is optimized with the Yoast SEO plugin v24.6 - https:\/\/yoast.com\/wordpress\/plugins\/seo\/ -->\n<title>\u00d6ffnen - Inhaltsangabe Schluss Vorlage - Doku Schreibt<\/title>\n<meta name=\"robots\" content=\"noindex, follow\" \/>\n<meta property=\"og:locale\" content=\"de_DE\" \/>\n<meta property=\"og:type\" content=\"article\" \/>\n<meta property=\"og:title\" content=\"\u00d6ffnen - Inhaltsangabe Schluss Vorlage - Doku Schreibt\" \/>\n<meta property=\"og:description\" content=\"Vorlage und Muster f\u00fcr Inhaltsangabe Schluss zur Erstellung und Anpassung &#8211; \u00d6ffnen im WORD\u2013 und PDF-Format &nbsp; Muster und Vorlage ... \u00d6ffnen\" \/>\n<meta property=\"og:url\" content=\"https:\/\/dokuschreibt.com\/de\/inhaltsangabe-schluss-offnen\/\" \/>\n<meta property=\"og:site_name\" content=\"Doku Schreibt\" \/>\n<meta property=\"og:image\" content=\"https:\/\/dokuschreibt.com\/de\/wp-content\/uploads\/wie-schreibt-man-inhaltsangabe-schluss-muster.jpg\" \/>\n<meta name=\"twitter:card\" content=\"summary_large_image\" \/>\n<meta name=\"twitter:label1\" content=\"Gesch\u00e4tzte Lesezeit\" \/>\n\t<meta name=\"twitter:data1\" content=\"1\u00a0Minute\" \/>\n<script type=\"application\/ld+json\" class=\"yoast-schema-graph\">{\"@context\":\"https:\/\/schema.org\",\"@graph\":[{\"@type\":\"WebPage\",\"@id\":\"https:\/\/dokuschreibt.com\/de\/inhaltsangabe-schluss-offnen\/\",\"url\":\"https:\/\/dokuschreibt.com\/de\/inhaltsangabe-schluss-offnen\/\",\"name\":\"\u00d6ffnen - Inhaltsangabe Schluss Vorlage - Doku Schreibt\",\"isPartOf\":{\"@id\":\"https:\/\/dokuschreibt.com\/de\/#website\"},\"primaryImageOfPage\":{\"@id\":\"https:\/\/dokuschreibt.com\/de\/inhaltsangabe-schluss-offnen\/#primaryimage\"},\"image\":{\"@id\":\"https:\/\/dokuschreibt.com\/de\/inhaltsangabe-schluss-offnen\/#primaryimage\"},\"thumbnailUrl\":\"https:\/\/dokuschreibt.com\/de\/wp-content\/uploads\/wie-schreibt-man-inhaltsangabe-schluss-muster.jpg\",\"datePublished\":\"2023-10-08T08:44:19+00:00\",\"breadcrumb\":{\"@id\":\"https:\/\/dokuschreibt.com\/de\/inhaltsangabe-schluss-offnen\/#breadcrumb\"},\"inLanguage\":\"de\",\"potentialAction\":[{\"@type\":\"ReadAction\",\"target\":[\"https:\/\/dokuschreibt.com\/de\/inhaltsangabe-schluss-offnen\/\"]}]},{\"@type\":\"ImageObject\",\"inLanguage\":\"de\",\"@id\":\"https:\/\/dokuschreibt.com\/de\/inhaltsangabe-schluss-offnen\/#primaryimage\",\"url\":\"https:\/\/dokuschreibt.com\/de\/wp-content\/uploads\/wie-schreibt-man-absage-an-den-arbeitgeber-muster.jpg\",\"contentUrl\":\"https:\/\/dokuschreibt.com\/de\/wp-content\/uploads\/wie-schreibt-man-absage-an-den-arbeitgeber-muster.jpg\",\"width\":1410,\"height\":2250},{\"@type\":\"BreadcrumbList\",\"@id\":\"https:\/\/dokuschreibt.com\/de\/inhaltsangabe-schluss-offnen\/#breadcrumb\",\"itemListElement\":[{\"@type\":\"ListItem\",\"position\":1,\"name\":\"Portada\",\"item\":\"https:\/\/dokuschreibt.com\/de\/\"},{\"@type\":\"ListItem\",\"position\":2,\"name\":\"\u00d6ffnen &#8211; Inhaltsangabe Schluss Vorlage\"}]},{\"@type\":\"WebSite\",\"@id\":\"https:\/\/dokuschreibt.com\/de\/#website\",\"url\":\"https:\/\/dokuschreibt.com\/de\/\",\"name\":\"Doku Schreibt\",\"description\":\"Wie Schreibt Man\",\"publisher\":{\"@id\":\"https:\/\/dokuschreibt.com\/de\/#organization\"},\"potentialAction\":[{\"@type\":\"SearchAction\",\"target\":{\"@type\":\"EntryPoint\",\"urlTemplate\":\"https:\/\/dokuschreibt.com\/de\/?s={search_term_string}\"},\"query-input\":{\"@type\":\"PropertyValueSpecification\",\"valueRequired\":true,\"valueName\":\"search_term_string\"}}],\"inLanguage\":\"de\"},{\"@type\":\"Organization\",\"@id\":\"https:\/\/dokuschreibt.com\/de\/#organization\",\"name\":\"Doku Schreibt\",\"url\":\"https:\/\/dokuschreibt.com\/de\/\",\"logo\":{\"@type\":\"ImageObject\",\"inLanguage\":\"de\",\"@id\":\"https:\/\/dokuschreibt.com\/de\/#\/schema\/logo\/image\/\",\"url\":\"https:\/\/dokuschreibt.com\/de\/wp-content\/uploads\/cropped-fav.png\",\"contentUrl\":\"https:\/\/dokuschreibt.com\/de\/wp-content\/uploads\/cropped-fav.png\",\"width\":512,\"height\":512,\"caption\":\"Doku Schreibt\"},\"image\":{\"@id\":\"https:\/\/dokuschreibt.com\/de\/#\/schema\/logo\/image\/\"}}]}<\/script>\n<!-- \/ Yoast SEO plugin. -->","yoast_head_json":{"title":"\u00d6ffnen - Inhaltsangabe Schluss Vorlage - Doku Schreibt","robots":{"index":"noindex","follow":"follow"},"og_locale":"de_DE","og_type":"article","og_title":"\u00d6ffnen - Inhaltsangabe Schluss Vorlage - Doku Schreibt","og_description":"Vorlage und Muster f\u00fcr Inhaltsangabe Schluss zur Erstellung und Anpassung &#8211; \u00d6ffnen im WORD\u2013 und PDF-Format &nbsp; Muster und Vorlage ... \u00d6ffnen","og_url":"https:\/\/dokuschreibt.com\/de\/inhaltsangabe-schluss-offnen\/","og_site_name":"Doku Schreibt","og_image":[{"url":"https:\/\/dokuschreibt.com\/de\/wp-content\/uploads\/wie-schreibt-man-inhaltsangabe-schluss-muster.jpg","type":"","width":"","height":""}],"twitter_card":"summary_large_image","twitter_misc":{"Gesch\u00e4tzte Lesezeit":"1\u00a0Minute"},"schema":{"@context":"https:\/\/schema.org","@graph":[{"@type":"WebPage","@id":"https:\/\/dokuschreibt.com\/de\/inhaltsangabe-schluss-offnen\/","url":"https:\/\/dokuschreibt.com\/de\/inhaltsangabe-schluss-offnen\/","name":"\u00d6ffnen - Inhaltsangabe Schluss Vorlage - Doku Schreibt","isPartOf":{"@id":"https:\/\/dokuschreibt.com\/de\/#website"},"primaryImageOfPage":{"@id":"https:\/\/dokuschreibt.com\/de\/inhaltsangabe-schluss-offnen\/#primaryimage"},"image":{"@id":"https:\/\/dokuschreibt.com\/de\/inhaltsangabe-schluss-offnen\/#primaryimage"},"thumbnailUrl":"https:\/\/dokuschreibt.com\/de\/wp-content\/uploads\/wie-schreibt-man-inhaltsangabe-schluss-muster.jpg","datePublished":"2023-10-08T08:44:19+00:00","breadcrumb":{"@id":"https:\/\/dokuschreibt.com\/de\/inhaltsangabe-schluss-offnen\/#breadcrumb"},"inLanguage":"de","potentialAction":[{"@type":"ReadAction","target":["https:\/\/dokuschreibt.com\/de\/inhaltsangabe-schluss-offnen\/"]}]},{"@type":"ImageObject","inLanguage":"de","@id":"https:\/\/dokuschreibt.com\/de\/inhaltsangabe-schluss-offnen\/#primaryimage","url":"https:\/\/dokuschreibt.com\/de\/wp-content\/uploads\/wie-schreibt-man-absage-an-den-arbeitgeber-muster.jpg","contentUrl":"https:\/\/dokuschreibt.com\/de\/wp-content\/uploads\/wie-schreibt-man-absage-an-den-arbeitgeber-muster.jpg","width":1410,"height":2250},{"@type":"BreadcrumbList","@id":"https:\/\/dokuschreibt.com\/de\/inhaltsangabe-schluss-offnen\/#breadcrumb","itemListElement":[{"@type":"ListItem","position":1,"name":"Portada","item":"https:\/\/dokuschreibt.com\/de\/"},{"@type":"ListItem","position":2,"name":"\u00d6ffnen &#8211; Inhaltsangabe Schluss Vorlage"}]},{"@type":"WebSite","@id":"https:\/\/dokuschreibt.com\/de\/#website","url":"https:\/\/dokuschreibt.com\/de\/","name":"Doku Schreibt","description":"Wie Schreibt Man","publisher":{"@id":"https:\/\/dokuschreibt.com\/de\/#organization"},"potentialAction":[{"@type":"SearchAction","target":{"@type":"EntryPoint","urlTemplate":"https:\/\/dokuschreibt.com\/de\/?s={search_term_string}"},"query-input":{"@type":"PropertyValueSpecification","valueRequired":true,"valueName":"search_term_string"}}],"inLanguage":"de"},{"@type":"Organization","@id":"https:\/\/dokuschreibt.com\/de\/#organization","name":"Doku Schreibt","url":"https:\/\/dokuschreibt.com\/de\/","logo":{"@type":"ImageObject","inLanguage":"de","@id":"https:\/\/dokuschreibt.com\/de\/#\/schema\/logo\/image\/","url":"https:\/\/dokuschreibt.com\/de\/wp-content\/uploads\/cropped-fav.png","contentUrl":"https:\/\/dokuschreibt.com\/de\/wp-content\/uploads\/cropped-fav.png","width":512,"height":512,"caption":"Doku Schreibt"},"image":{"@id":"https:\/\/dokuschreibt.com\/de\/#\/schema\/logo\/image\/"}}]}},"_links":{"self":[{"href":"https:\/\/dokuschreibt.com\/de\/wp-json\/wp\/v2\/pages\/767","targetHints":{"allow":["GET"]}}],"collection":[{"href":"https:\/\/dokuschreibt.com\/de\/wp-json\/wp\/v2\/pages"}],"about":[{"href":"https:\/\/dokuschreibt.com\/de\/wp-json\/wp\/v2\/types\/page"}],"author":[{"embeddable":true,"href":"https:\/\/dokuschreibt.com\/de\/wp-json\/wp\/v2\/users\/1"}],"replies":[{"embeddable":true,"href":"https:\/\/dokuschreibt.com\/de\/wp-json\/wp\/v2\/comments?post=767"}],"version-history":[{"count":0,"href":"https:\/\/dokuschreibt.com\/de\/wp-json\/wp\/v2\/pages\/767\/revisions"}],"wp:attachment":[{"href":"https:\/\/dokuschreibt.com\/de\/wp-json\/wp\/v2\/media?parent=767"}],"curies":[{"name":"wp","href":"https:\/\/api.w.org\/{rel}","templated":true}]}}