{"id":706,"date":"2023-10-08T08:43:50","date_gmt":"2023-10-08T08:43:50","guid":{"rendered":"https:\/\/dokuschreibt.com\/de\/patientenverfugung-offnen\/"},"modified":"2023-10-08T08:43:50","modified_gmt":"2023-10-08T08:43:50","slug":"patientenverfugung-offnen","status":"publish","type":"page","link":"https:\/\/dokuschreibt.com\/de\/patientenverfugung-offnen\/","title":{"rendered":"\u00d6ffnen &#8211; Patientenverf\u00fcgung Vorlage"},"content":{"rendered":"\r\n<p class=\"has-text-align-center\">Vorlage und Muster f\u00fcr <strong> Patientenverf\u00fcgung<\/strong> zur Anpassung und Erstellung  &#8211; \u00d6ffnen im <strong>WORD<\/strong>\u2013 und <strong>PDF-Format<\/strong><\/p>\r\n\r\n\r\n<div class=\"wp-block-image\">\r\n<figure class=\"aligncenter size-large is-resized\"><img loading=\"lazy\" decoding=\"async\" class=\"wp-image-215\" src=\"https:\/\/dokuschreibt.com\/de\/wp-content\/uploads\/wie-schreibt-man-patientenverfugung-muster.jpg\" alt=\"\" width=\"245\" height=\"391\" \/><\/figure>\r\n<\/div>\r\n\r\n<hr class=\"wp-block-separator has-alpha-channel-opacity\" \/>\r\n\r\n\r\n<div class=\"su-note\"  style=\"border-color:#e5e5e5;border-radius:10px;-moz-border-radius:10px;-webkit-border-radius:10px;\"><div class=\"su-note-inner su-u-clearfix su-u-trim\" style=\"background-color:#FFFFFF;border-color:#ffffff;color:#333333;border-radius:10px;-moz-border-radius:10px;-webkit-border-radius:10px;\">\r\n<section id=\"specialParagraph\">\r\n<p><meta charset=\"UTF-8\"> <meta name=\"viewport\" content=\"width=device-width, initial-scale=1.0\">    <p>Vorlage Patientenverf\u00fcgung<\/p>  <h3>Allgemeine Angaben<\/h3> <p> Ich, [Vorname Nachname], geboren am [Geburtsdatum], Adresse: [Stra\u00dfe, Hausnummer, PLZ, Ort], erkl\u00e4re hiermit meine Patientenverf\u00fcgung f\u00fcr den Fall, dass ich mich in einer Situation befinde, in der ich nicht mehr in der Lage bin, selbstst\u00e4ndig Entscheidungen zu treffen. <\/p>  <p> Es ist mein ausdr\u00fccklicher Wille, dass diese Patientenverf\u00fcgung von \u00c4rzten, Pflegepersonal, Betreuern und meiner Familie beachtet wird und dass alle medizinischen Ma\u00dfnahmen gem\u00e4\u00df meinen Vorgaben durchgef\u00fchrt werden. <\/p>  <h3>Lebenserhaltende Ma\u00dfnahmen<\/h3> <p> Falls ich mich in einem Zustand befinde, in dem von einer dauerhaften Bewusstlosigkeit oder einem irreversiblen Verlust meiner geistigen F\u00e4higkeiten auszugehen ist, m\u00f6chte ich folgende Ma\u00dfnahmen: <\/p> <ul> <li>Keine k\u00fcnstliche Beatmung<\/li> <li>Keine lebenserhaltende Notfallmedizin<\/li> <li>Keine Wiederbelebungsversuche<\/li> <li>Keine Dialyse<\/li> <\/ul>  <h3>Palliativmedizinische Ma\u00dfnahmen<\/h3> <p> Sollte ich an einer unheilbaren Krankheit leiden und mein Leiden nicht mehr ertr\u00e4glich sein, w\u00fcnsche ich folgende palliativmedizinische Ma\u00dfnahmen: <\/p> <ul> <li>Linderung von Schmerzen und Beschwerden<\/li> <li>Psychosoziale Unterst\u00fctzung f\u00fcr mich und meine Familie<\/li> <li>Wahrung meiner W\u00fcrde und Privatsph\u00e4re<\/li> <li>Keine lebensverl\u00e4ngernden Ma\u00dfnahmen ohne Aussicht auf Besserung<\/li> <\/ul>  <h3>Bevollm\u00e4chtigter<\/h3> <p> Ich bevollm\u00e4chtige hiermit [Vorname Nachname], geboren am [Geburtsdatum], Adresse: [Stra\u00dfe, Hausnummer, PLZ, Ort], als meine vertrauensw\u00fcrdige Person, um in meinem Namen Entscheidungen zu treffen, die nicht ausdr\u00fccklich in dieser Patientenverf\u00fcgung festgelegt sind. Diese Person soll meine Interessen vertreten und nach bestem Wissen und Gewissen im Einklang mit meinen W\u00fcnschen handeln. <\/p>  <h3>Unterschrift<\/h3> <p> Ich habe diese Patientenverf\u00fcgung eigenh\u00e4ndig verfasst und lege sie in Kopie bei meinen wichtigsten medizinischen Unterlagen ab. Diese Verf\u00fcgung bleibt g\u00fcltig bis auf schriftlichen Widerruf meinerseits. <\/p>  <p> Ort, Datum: [Ort], [Datum] <br> Unterschrift: [Unterschrift] <\/p><\/p>\r\n<\/section>\r\n<\/div><\/div>\r\n<p>&nbsp;<\/p>\r\n\r\n\r\n\r\n<p class=\"has-text-align-center\">Vorlage und Muster f\u00fcr <strong> Patientenverf\u00fcgung<\/strong> zur Anpassung und Erstellung  im <strong>WORD<\/strong>\u2013 und <strong>PDF-Format<\/strong><\/p>\r\n\r\n<p><button id=\"generatePDF\">Als PDF Erstellen<\/button><\/p>\r\n<p style=\"text-align: center;\"><strong>Mehr Muster und Vorlage f\u00fcr Patientenverf\u00fcgung<\/strong><\/p>\r\n<hr class=\"wp-block-separator has-alpha-channel-opacity\" \/>\r\n\r\n\r\n<div class=\"wp-block-columns is-layout-flex wp-container-core-columns-is-layout-9d6595d7 wp-block-columns-is-layout-flex\">\r\n<div class=\"wp-block-column is-layout-flow wp-block-column-is-layout-flow\"><div class=\"su-button-center\"><a href=\"https:\/\/www.malteser.de\/fileadmin\/Files_sites\/malteser_de_Relaunch\/Angebote_und_Leistungen\/Patientenverfuegung\/Patientenverfuegung.pdf\" class=\"su-button su-button-style-flat\" style=\"color:#FFFFFF;background-color:#144bb6;border-color:#103c92;border-radius:1px\" target=\"_self\"><span style=\"color:#FFFFFF;padding:0px 24px;font-size:18px;line-height:36px;border-color:#5b81cc;border-radius:1px;text-shadow:none\">  \u00d6FFNEN &#8211; 1 <\/span><\/a><\/div>\n<\/div>\r\n\r\n\r\n\r\n<div class=\"wp-block-column is-layout-flow wp-block-column-is-layout-flow\"><div class=\"su-button-center\"><a href=\"https:\/\/www.bmj.de\/SharedDocs\/Downloads\/DE\/Formular\/Patientenverfuegung_Textbausteine_pdf.pdf?__blob=publicationFile&#038;v=5\" class=\"su-button su-button-style-flat\" style=\"color:#FFFFFF;background-color:#144bb6;border-color:#103c92;border-radius:1px\" target=\"_self\"><span style=\"color:#FFFFFF;padding:0px 24px;font-size:18px;line-height:36px;border-color:#5b81cc;border-radius:1px;text-shadow:none\">  \u00d6FFNEN &#8211; 2 <\/span><\/a><\/div>\n<\/div>\r\n<\/div>\r\n\r\n\r\n<hr class=\"wp-block-separator has-alpha-channel-opacity\" \/>\r\n\r\n\r\n<figure class=\"wp-block-table aligncenter\">\r\n<table>\r\n<tbody>\r\n<tr>\r\n<td><strong>Patientenverf\u00fcgung<\/strong><\/td>\r\n<\/tr>\r\n<tr>\r\n<td>PDF &#8211; WORD Format<\/td>\r\n<\/tr>\r\n<tr>\r\n<td>Bewertung: \u2b50\u2b50\u2b50\u2b50\u2b50 4.56<\/td>\r\n<\/tr>\r\n<tr>\r\n<td>Ergebnisse &#8211; 2780<\/td>\r\n<\/tr>\r\n<\/tbody>\r\n<\/table>\r\n<\/figure>\r\n\r\n\r\n<hr class=\"wp-block-separator has-alpha-channel-opacity\" \/>\r\n<div class=\"su-note\"  style=\"border-color:#e5e5e5;border-radius:10px;-moz-border-radius:10px;-webkit-border-radius:10px;\"><div class=\"su-note-inner su-u-clearfix su-u-trim\" style=\"background-color:#FFFFFF;border-color:#ffffff;color:#333333;border-radius:10px;-moz-border-radius:10px;-webkit-border-radius:10px;\">\r\n<p><dt>Schritt 1: Informieren Sie sich \u00fcber die rechtlichen Hintergr\u00fcnde<\/dt> <dd>Bevor Sie mit dem Schreiben einer Patientenverf\u00fcgung beginnen, ist es wichtig, sich \u00fcber die rechtlichen Rahmenbedingungen in Ihrem Land oder Ihrer Region zu informieren. Jedes Land hat seine eigenen Gesetze und Vorschriften, die die Wirksamkeit und G\u00fcltigkeit einer Patientenverf\u00fcgung regeln. Gehen Sie sicher, dass Sie \u00fcber die aktuellen Bestimmungen Bescheid wissen und diese in Ihrer Verf\u00fcgung ber\u00fccksichtigen.<\/dd>  <dt>Schritt 2: Bestimmen Sie Ihren Vertrauenspersonen<\/dt> <dd>Eine Patientenverf\u00fcgung sollte eine Vertrauensperson benennen, die in Ihrem Namen Entscheidungen \u00fcber Ihre medizinische Behandlung treffen kann, falls Sie dazu nicht in der Lage sind. Stellen Sie sicher, dass Sie eine Person w\u00e4hlen, der Sie voll und ganz vertrauen und die Ihre W\u00fcnsche und Vorstellungen in Bezug auf medizinische Interventionen versteht und respektiert.<\/dd>  <dt>Schritt 3: Denken Sie \u00fcber Ihre W\u00fcnsche nach<\/dt> <dd>\u00dcberlegen Sie, welche medizinischen Behandlungen Sie w\u00fcnschen oder ablehnen, wenn Sie nicht mehr in der Lage sind, Ihre Entscheidungen selbst zu treffen. Dies k\u00f6nnte Ma\u00dfnahmen wie lebenserhaltende Ma\u00dfnahmen, Beatmung, k\u00fcnstliche Ern\u00e4hrung oder Dialyse umfassen. Es ist wichtig, Ihre pers\u00f6nlichen \u00dcberzeugungen, Wertvorstellungen und religi\u00f6sen \u00dcberzeugungen zu ber\u00fccksichtigen, um sicherzustellen, dass Ihre Patientenverf\u00fcgung Ihren individuellen W\u00fcnschen entspricht.<\/dd>  <dt>Schritt 4: Konsultieren Sie medizinisches Fachpersonal<\/dt> <dd>Um sicherzustellen, dass Ihre Patientenverf\u00fcgung klar und verst\u00e4ndlich ist, ist es ratsam, medizinisches Fachpersonal wie \u00c4rzte oder Krankenschwestern zu konsultieren. Sie k\u00f6nnen Ihnen dabei helfen, die verschiedenen medizinischen Behandlungsm\u00f6glichkeiten zu verstehen und zu entscheiden, welche Optionen Sie akzeptieren oder ablehnen m\u00f6chten. Sie k\u00f6nnen auch Informationen \u00fcber m\u00f6gliche Szenarien oder medizinische Bedingungen bereitstellen, die Ihnen helfen k\u00f6nnen, Ihre W\u00fcnsche genauer zu definieren.<\/dd>  <dt>Schritt 5: Schreiben Sie Ihre Patientenverf\u00fcgung<\/dt> <dd>Wenn Sie alle oben genannten Schritte abgeschlossen haben, k\u00f6nnen Sie mit dem eigentlichen Schreiben Ihrer Patientenverf\u00fcgung beginnen. Es gibt keine festen Regeln, wie eine Patientenverf\u00fcgung aussehen sollte, solange sie Ihre W\u00fcnsche klar und deutlich widerspiegelt. Sie k\u00f6nnen einen Anwalt oder einen Notar hinzuziehen, um sicherzustellen, dass Ihre Verf\u00fcgung rechtskr\u00e4ftig ist und die erforderlichen Formalit\u00e4ten erf\u00fcllt.<\/dd>  <dt>Schritt 6: Teilen Sie Ihre Verf\u00fcgung mit Ihren Vertrauenspersonen und medizinischem Personal<\/dt> <dd>Es ist wichtig, dass Ihre Vertrauensperson und Ihr medizinisches Team \u00fcber Ihre Existenz und den Ort, an dem Ihre Patientenverf\u00fcgung aufbewahrt wird, informiert sind. Geben Sie ihnen eine Kopie Ihrer Verf\u00fcgung und stellen Sie sicher, dass sie verstehen, wie sie Ihre Entscheidungen umsetzen sollen, wenn der Bedarf entsteht. Es kann auch von Vorteil sein, Ihre Familie und nahen Angeh\u00f6rigen \u00fcber Ihre W\u00fcnsche zu informieren, um m\u00f6glichen Konflikten vorzubeugen.<\/dd>  <dt>Schritt 7: \u00dcberpr\u00fcfen und aktualisieren Sie Ihre Verf\u00fcgung regelm\u00e4\u00dfig<\/dt> <dd>Eine Patientenverf\u00fcgung ist kein statisches Dokument. Es ist wichtig, sie regelm\u00e4\u00dfig zu \u00fcberpr\u00fcfen und bei Bedarf zu aktualisieren. \u00c4ndern sich Ihre W\u00fcnsche oder gibt es rechtliche \u00c4nderungen, die Ihre Verf\u00fcgung beeinflussen k\u00f6nnten, ist es ratsam, diese anzupassen. Stellen Sie sicher, dass Ihre aktualisierte Verf\u00fcgung an alle relevanten Personen und Institutionen weitergegeben wird, um sicherzustellen, dass Ihre aktuellen W\u00fcnsche respektiert werden.<\/dd>  <p>Insgesamt ist das Schreiben einer Patientenverf\u00fcgung ein wichtiger und verantwortungsvoller Prozess, bei dem es darum geht, Ihre W\u00fcnsche f\u00fcr medizinische Entscheidungen festzuhalten, falls Sie nicht mehr in der Lage sind, diese selbst zu treffen. Indem Sie die oben genannten Schritte befolgen und sich gr\u00fcndlich informieren, k\u00f6nnen Sie sicherstellen, dass Ihre Verf\u00fcgung voll und ganz Ihren individuellen W\u00fcnschen und Bed\u00fcrfnissen entspricht.<\/p><\/p>\r\n<\/div><\/div>\r\n<hr class=\"wp-block-separator has-alpha-channel-opacity\" \/>","protected":false},"excerpt":{"rendered":"<p>Vorlage und Muster f\u00fcr Patientenverf\u00fcgung zur Anpassung und Erstellung &#8211; \u00d6ffnen im WORD\u2013 und PDF-Format &nbsp; Vorlage und Muster f\u00fcr &#8230; <\/p>\n<p class=\"read-more-container\"><a title=\"\u00d6ffnen &#8211; Patientenverf\u00fcgung Vorlage\" class=\"read-more button\" href=\"https:\/\/dokuschreibt.com\/de\/patientenverfugung-offnen\/#more-706\" aria-label=\"Mehr zu \u00d6ffnen &#8211; Patientenverf\u00fcgung Vorlage\">\u00d6ffnen<\/a><\/p>\n","protected":false},"author":1,"featured_media":0,"parent":0,"menu_order":0,"comment_status":"closed","ping_status":"closed","template":"","meta":{"footnotes":""},"class_list":{"0":"post-706","1":"page","2":"type-page","3":"status-publish","5":"infinite-scroll-item"},"yoast_head":"<!-- This site is optimized with the Yoast SEO plugin v24.6 - https:\/\/yoast.com\/wordpress\/plugins\/seo\/ -->\n<title>\u00d6ffnen - Patientenverf\u00fcgung Vorlage - Doku Schreibt<\/title>\n<meta name=\"robots\" content=\"noindex, follow\" \/>\n<meta property=\"og:locale\" content=\"de_DE\" \/>\n<meta property=\"og:type\" content=\"article\" \/>\n<meta property=\"og:title\" content=\"\u00d6ffnen - Patientenverf\u00fcgung Vorlage - Doku Schreibt\" \/>\n<meta property=\"og:description\" content=\"Vorlage und Muster f\u00fcr Patientenverf\u00fcgung zur Anpassung und Erstellung &#8211; \u00d6ffnen im WORD\u2013 und PDF-Format &nbsp; Vorlage und Muster f\u00fcr ... \u00d6ffnen\" \/>\n<meta property=\"og:url\" content=\"https:\/\/dokuschreibt.com\/de\/patientenverfugung-offnen\/\" \/>\n<meta property=\"og:site_name\" content=\"Doku Schreibt\" \/>\n<meta property=\"og:image\" content=\"https:\/\/dokuschreibt.com\/de\/wp-content\/uploads\/wie-schreibt-man-patientenverfugung-muster.jpg\" \/>\n<meta name=\"twitter:card\" content=\"summary_large_image\" \/>\n<meta name=\"twitter:label1\" content=\"Gesch\u00e4tzte Lesezeit\" \/>\n\t<meta name=\"twitter:data1\" content=\"1\u00a0Minute\" \/>\n<script type=\"application\/ld+json\" class=\"yoast-schema-graph\">{\"@context\":\"https:\/\/schema.org\",\"@graph\":[{\"@type\":\"WebPage\",\"@id\":\"https:\/\/dokuschreibt.com\/de\/patientenverfugung-offnen\/\",\"url\":\"https:\/\/dokuschreibt.com\/de\/patientenverfugung-offnen\/\",\"name\":\"\u00d6ffnen - Patientenverf\u00fcgung Vorlage - Doku Schreibt\",\"isPartOf\":{\"@id\":\"https:\/\/dokuschreibt.com\/de\/#website\"},\"primaryImageOfPage\":{\"@id\":\"https:\/\/dokuschreibt.com\/de\/patientenverfugung-offnen\/#primaryimage\"},\"image\":{\"@id\":\"https:\/\/dokuschreibt.com\/de\/patientenverfugung-offnen\/#primaryimage\"},\"thumbnailUrl\":\"https:\/\/dokuschreibt.com\/de\/wp-content\/uploads\/wie-schreibt-man-patientenverfugung-muster.jpg\",\"datePublished\":\"2023-10-08T08:43:50+00:00\",\"breadcrumb\":{\"@id\":\"https:\/\/dokuschreibt.com\/de\/patientenverfugung-offnen\/#breadcrumb\"},\"inLanguage\":\"de\",\"potentialAction\":[{\"@type\":\"ReadAction\",\"target\":[\"https:\/\/dokuschreibt.com\/de\/patientenverfugung-offnen\/\"]}]},{\"@type\":\"ImageObject\",\"inLanguage\":\"de\",\"@id\":\"https:\/\/dokuschreibt.com\/de\/patientenverfugung-offnen\/#primaryimage\",\"url\":\"https:\/\/dokuschreibt.com\/de\/wp-content\/uploads\/wie-schreibt-man-absage-an-den-arbeitgeber-muster.jpg\",\"contentUrl\":\"https:\/\/dokuschreibt.com\/de\/wp-content\/uploads\/wie-schreibt-man-absage-an-den-arbeitgeber-muster.jpg\",\"width\":1410,\"height\":2250},{\"@type\":\"BreadcrumbList\",\"@id\":\"https:\/\/dokuschreibt.com\/de\/patientenverfugung-offnen\/#breadcrumb\",\"itemListElement\":[{\"@type\":\"ListItem\",\"position\":1,\"name\":\"Portada\",\"item\":\"https:\/\/dokuschreibt.com\/de\/\"},{\"@type\":\"ListItem\",\"position\":2,\"name\":\"\u00d6ffnen &#8211; Patientenverf\u00fcgung Vorlage\"}]},{\"@type\":\"WebSite\",\"@id\":\"https:\/\/dokuschreibt.com\/de\/#website\",\"url\":\"https:\/\/dokuschreibt.com\/de\/\",\"name\":\"Doku Schreibt\",\"description\":\"Wie Schreibt Man\",\"publisher\":{\"@id\":\"https:\/\/dokuschreibt.com\/de\/#organization\"},\"potentialAction\":[{\"@type\":\"SearchAction\",\"target\":{\"@type\":\"EntryPoint\",\"urlTemplate\":\"https:\/\/dokuschreibt.com\/de\/?s={search_term_string}\"},\"query-input\":{\"@type\":\"PropertyValueSpecification\",\"valueRequired\":true,\"valueName\":\"search_term_string\"}}],\"inLanguage\":\"de\"},{\"@type\":\"Organization\",\"@id\":\"https:\/\/dokuschreibt.com\/de\/#organization\",\"name\":\"Doku Schreibt\",\"url\":\"https:\/\/dokuschreibt.com\/de\/\",\"logo\":{\"@type\":\"ImageObject\",\"inLanguage\":\"de\",\"@id\":\"https:\/\/dokuschreibt.com\/de\/#\/schema\/logo\/image\/\",\"url\":\"https:\/\/dokuschreibt.com\/de\/wp-content\/uploads\/cropped-fav.png\",\"contentUrl\":\"https:\/\/dokuschreibt.com\/de\/wp-content\/uploads\/cropped-fav.png\",\"width\":512,\"height\":512,\"caption\":\"Doku Schreibt\"},\"image\":{\"@id\":\"https:\/\/dokuschreibt.com\/de\/#\/schema\/logo\/image\/\"}}]}<\/script>\n<!-- \/ Yoast SEO plugin. -->","yoast_head_json":{"title":"\u00d6ffnen - Patientenverf\u00fcgung Vorlage - Doku Schreibt","robots":{"index":"noindex","follow":"follow"},"og_locale":"de_DE","og_type":"article","og_title":"\u00d6ffnen - Patientenverf\u00fcgung Vorlage - Doku Schreibt","og_description":"Vorlage und Muster f\u00fcr Patientenverf\u00fcgung zur Anpassung und Erstellung &#8211; \u00d6ffnen im WORD\u2013 und PDF-Format &nbsp; Vorlage und Muster f\u00fcr ... \u00d6ffnen","og_url":"https:\/\/dokuschreibt.com\/de\/patientenverfugung-offnen\/","og_site_name":"Doku Schreibt","og_image":[{"url":"https:\/\/dokuschreibt.com\/de\/wp-content\/uploads\/wie-schreibt-man-patientenverfugung-muster.jpg","type":"","width":"","height":""}],"twitter_card":"summary_large_image","twitter_misc":{"Gesch\u00e4tzte Lesezeit":"1\u00a0Minute"},"schema":{"@context":"https:\/\/schema.org","@graph":[{"@type":"WebPage","@id":"https:\/\/dokuschreibt.com\/de\/patientenverfugung-offnen\/","url":"https:\/\/dokuschreibt.com\/de\/patientenverfugung-offnen\/","name":"\u00d6ffnen - Patientenverf\u00fcgung Vorlage - Doku Schreibt","isPartOf":{"@id":"https:\/\/dokuschreibt.com\/de\/#website"},"primaryImageOfPage":{"@id":"https:\/\/dokuschreibt.com\/de\/patientenverfugung-offnen\/#primaryimage"},"image":{"@id":"https:\/\/dokuschreibt.com\/de\/patientenverfugung-offnen\/#primaryimage"},"thumbnailUrl":"https:\/\/dokuschreibt.com\/de\/wp-content\/uploads\/wie-schreibt-man-patientenverfugung-muster.jpg","datePublished":"2023-10-08T08:43:50+00:00","breadcrumb":{"@id":"https:\/\/dokuschreibt.com\/de\/patientenverfugung-offnen\/#breadcrumb"},"inLanguage":"de","potentialAction":[{"@type":"ReadAction","target":["https:\/\/dokuschreibt.com\/de\/patientenverfugung-offnen\/"]}]},{"@type":"ImageObject","inLanguage":"de","@id":"https:\/\/dokuschreibt.com\/de\/patientenverfugung-offnen\/#primaryimage","url":"https:\/\/dokuschreibt.com\/de\/wp-content\/uploads\/wie-schreibt-man-absage-an-den-arbeitgeber-muster.jpg","contentUrl":"https:\/\/dokuschreibt.com\/de\/wp-content\/uploads\/wie-schreibt-man-absage-an-den-arbeitgeber-muster.jpg","width":1410,"height":2250},{"@type":"BreadcrumbList","@id":"https:\/\/dokuschreibt.com\/de\/patientenverfugung-offnen\/#breadcrumb","itemListElement":[{"@type":"ListItem","position":1,"name":"Portada","item":"https:\/\/dokuschreibt.com\/de\/"},{"@type":"ListItem","position":2,"name":"\u00d6ffnen &#8211; Patientenverf\u00fcgung Vorlage"}]},{"@type":"WebSite","@id":"https:\/\/dokuschreibt.com\/de\/#website","url":"https:\/\/dokuschreibt.com\/de\/","name":"Doku Schreibt","description":"Wie Schreibt Man","publisher":{"@id":"https:\/\/dokuschreibt.com\/de\/#organization"},"potentialAction":[{"@type":"SearchAction","target":{"@type":"EntryPoint","urlTemplate":"https:\/\/dokuschreibt.com\/de\/?s={search_term_string}"},"query-input":{"@type":"PropertyValueSpecification","valueRequired":true,"valueName":"search_term_string"}}],"inLanguage":"de"},{"@type":"Organization","@id":"https:\/\/dokuschreibt.com\/de\/#organization","name":"Doku Schreibt","url":"https:\/\/dokuschreibt.com\/de\/","logo":{"@type":"ImageObject","inLanguage":"de","@id":"https:\/\/dokuschreibt.com\/de\/#\/schema\/logo\/image\/","url":"https:\/\/dokuschreibt.com\/de\/wp-content\/uploads\/cropped-fav.png","contentUrl":"https:\/\/dokuschreibt.com\/de\/wp-content\/uploads\/cropped-fav.png","width":512,"height":512,"caption":"Doku Schreibt"},"image":{"@id":"https:\/\/dokuschreibt.com\/de\/#\/schema\/logo\/image\/"}}]}},"_links":{"self":[{"href":"https:\/\/dokuschreibt.com\/de\/wp-json\/wp\/v2\/pages\/706","targetHints":{"allow":["GET"]}}],"collection":[{"href":"https:\/\/dokuschreibt.com\/de\/wp-json\/wp\/v2\/pages"}],"about":[{"href":"https:\/\/dokuschreibt.com\/de\/wp-json\/wp\/v2\/types\/page"}],"author":[{"embeddable":true,"href":"https:\/\/dokuschreibt.com\/de\/wp-json\/wp\/v2\/users\/1"}],"replies":[{"embeddable":true,"href":"https:\/\/dokuschreibt.com\/de\/wp-json\/wp\/v2\/comments?post=706"}],"version-history":[{"count":0,"href":"https:\/\/dokuschreibt.com\/de\/wp-json\/wp\/v2\/pages\/706\/revisions"}],"wp:attachment":[{"href":"https:\/\/dokuschreibt.com\/de\/wp-json\/wp\/v2\/media?parent=706"}],"curies":[{"name":"wp","href":"https:\/\/api.w.org\/{rel}","templated":true}]}}