{"id":1037,"date":"2023-10-08T08:46:30","date_gmt":"2023-10-08T08:46:30","guid":{"rendered":"https:\/\/dokuschreibt.com\/de\/aufhebungsvertrag-offnen\/"},"modified":"2023-10-08T08:46:30","modified_gmt":"2023-10-08T08:46:30","slug":"aufhebungsvertrag-offnen","status":"publish","type":"page","link":"https:\/\/dokuschreibt.com\/de\/aufhebungsvertrag-offnen\/","title":{"rendered":"\u00d6ffnen &#8211; Aufhebungsvertrag Vorlage"},"content":{"rendered":"\r\n<p class=\"has-text-align-center\">Muster und Vorlage f\u00fcr <strong> Aufhebungsvertrag<\/strong> zur Erstellung und Anpassung &#8211; \u00d6ffnen im <strong>WORD<\/strong>\u2013 und <strong>PDF-Format<\/strong><\/p>\r\n\r\n\r\n<div class=\"wp-block-image\">\r\n<figure class=\"aligncenter size-large is-resized\"><img loading=\"lazy\" decoding=\"async\" class=\"wp-image-215\" src=\"https:\/\/dokuschreibt.com\/de\/wp-content\/uploads\/wie-schreibt-man-aufhebungsvertrag-muster.jpg\" alt=\"\" width=\"245\" height=\"391\" \/><\/figure>\r\n<\/div>\r\n\r\n<hr class=\"wp-block-separator has-alpha-channel-opacity\" \/>\r\n\r\n\r\n<div class=\"su-note\"  style=\"border-color:#e5e5e5;border-radius:10px;-moz-border-radius:10px;-webkit-border-radius:10px;\"><div class=\"su-note-inner su-u-clearfix su-u-trim\" style=\"background-color:#FFFFFF;border-color:#ffffff;color:#333333;border-radius:10px;-moz-border-radius:10px;-webkit-border-radius:10px;\">\r\n<section id=\"specialParagraph\">\r\n<p><p>Vorlage Aufhebungsvertrag<\/p>  <p><strong>Vertragsnummer:<\/strong> [Vertragsnummer] <p><strong>Aufhebungsdatum:<\/strong> [Aufhebungsdatum] <p><strong>Zwischen:<\/strong><\/p> <ol> <li><strong>Arbeitgeber:<\/strong> [Arbeitgebername], vertreten durch [Vertretungsberechtigter], [Adresse], [Steuernummer]<\/li> <li><strong>Arbeitnehmer:<\/strong> [Arbeitnehmername], [Adresse]<\/li> <\/ol>  <p><strong>Pr\u00e4ambel:<\/strong><\/p> <p>Die Parteien sind \u00fcbereingekommen, das bestehende Arbeitsverh\u00e4ltnis einvernehmlich zu beenden und alle damit zusammenh\u00e4ngenden Rechts- und Vertragsangelegenheiten im Rahmen dieses Aufhebungsvertrags zu regeln.<\/p>  <p><strong>1. Beendigung des Arbeitsverh\u00e4ltnisses:<\/strong><\/p> <p>Das Arbeitsverh\u00e4ltnis zwischen Arbeitgeber und Arbeitnehmer wird zum [Datum] aufgehoben. Mit Beendigung des Arbeitsverh\u00e4ltnisses erlischt sowohl die Pflicht zur Arbeitsleistung als auch die Verg\u00fctungspflicht des Arbeitgebers.<\/p>  <p><strong>2. Abfindung:<\/strong><\/p> <p>Der Arbeitgeber zahlt dem Arbeitnehmer eine Abfindung in H\u00f6he von [Abfindungsbetrag] Euro. Die Abfindung ist innerhalb von [Frist] auf das Bankkonto des Arbeitnehmers zu \u00fcberweisen.<\/p>  <p><strong>3. Freistellung:<\/strong><\/p> <p>Der Arbeitnehmer wird ab dem Beendigungsdatum von der Arbeitsleistung freigestellt. In dieser Zeit bleibt der Arbeitnehmer weiterhin verpflichtet, eventuelle Loyalit\u00e4ts- und Verschwiegenheitspflichten einzuhalten sowie vereinbarte R\u00fcckgabepflichten zu erf\u00fcllen.<\/p>  <p><strong>4. Resturlaub:<\/strong><\/p> <p>Der Arbeitnehmer hat noch einen Resturlaubsanspruch von [Resturlaubsanspruch] Tagen. Dieser wird auf das Beendigungsdatum angerechnet. Der Arbeitnehmer hat keinen Anspruch auf finanzielle Abgeltung des Resturlaubs.<\/p>  <p><strong>5. Zeugnis:<\/strong><\/p> <p>Der Arbeitgeber stellt dem Arbeitnehmer ein qualifiziertes Arbeitszeugnis aus, das den T\u00e4tigkeitsbereich, die Leistung und das Verhalten des Arbeitnehmers w\u00e4hrend des Besch\u00e4ftigungsverh\u00e4ltnisses objektiv und wahrheitsgem\u00e4\u00df beschreibt.<\/p>  <p><strong>6. Vertraulichkeit:<\/strong><\/p> <p>Die Parteien verpflichten sich zur gegenseitigen Vertraulichkeit \u00fcber alle Informationen, die w\u00e4hrend des Arbeitsverh\u00e4ltnisses erlangt wurden und \u00fcber den Inhalt dieses Aufhebungsvertrags.<\/p>  <p><strong>7. Salvatorische Klausel:<\/strong><\/p> <p>Sollten einzelne Bestimmungen dieses Vertrags unwirksam, undurchf\u00fchrbar oder nichtig sein oder werden, ber\u00fchrt dies die Wirksamkeit der \u00fcbrigen Bestimmungen nicht. Anstelle der unwirksamen, undurchf\u00fchrbaren oder nichtigen Bestimmungen gelten die gesetzlichen Regelungen.<\/p>  <p><strong>8. Gerichtsstand:<\/strong><\/p> <p>Gerichtsstand f\u00fcr alle sich aus diesem Vertrag ergebenden Streitigkeiten ist [Ort].<\/p>  <p>Der Aufhebungsvertrag wurde in zwei Originalausfertigungen erstellt und von beiden Parteien unterzeichnet.<\/p>  [Ort], [Datum]  [Arbeitgebername] [Arbeitgeberunterschrift]  [Arbeitnehmername] [Arbeitnehmerunterschrift]  Diese Vorlage enth\u00e4lt alle wesentlichen Bestandteile f\u00fcr einen Aufhebungsvertrag und kann entsprechend den Bed\u00fcrfnissen der Parteien angepasst werden. Es ist jedoch ratsam, vor der Verwendung dieser Vorlage rechtliche Beratung einzuholen, um sicherzustellen, dass alle gesetzlichen Anforderungen erf\u00fcllt sind.<\/p>\r\n<\/section>\r\n<\/div><\/div>\r\n<p>&nbsp;<\/p>\r\n\r\n\r\n\r\n<p class=\"has-text-align-center\">Vorlage und Muster f\u00fcr <strong> Aufhebungsvertrag<\/strong> zur Anpassung und Erstellung  im <strong>WORD<\/strong>\u2013 und <strong>PDF-Format<\/strong><\/p>\r\n\r\n<p><button id=\"generatePDF\">Als PDF Erstellen<\/button><\/p>\r\n<p style=\"text-align: center;\"><strong>Mehr Muster und Vorlage f\u00fcr Aufhebungsvertrag<\/strong><\/p>\r\n<hr class=\"wp-block-separator has-alpha-channel-opacity\" \/>\r\n\r\n\r\n<div class=\"wp-block-columns is-layout-flex wp-container-core-columns-is-layout-9d6595d7 wp-block-columns-is-layout-flex\">\r\n<div class=\"wp-block-column is-layout-flow wp-block-column-is-layout-flow\"><div class=\"su-button-center\"><a href=\"https:\/\/www.arbeitsvertrag.org\/wp-content\/uploads\/2017\/02\/muster-aufebungsvertrag.pdf\" class=\"su-button su-button-style-flat\" style=\"color:#FFFFFF;background-color:#144bb6;border-color:#103c92;border-radius:1px\" target=\"_self\"><span style=\"color:#FFFFFF;padding:0px 24px;font-size:18px;line-height:36px;border-color:#5b81cc;border-radius:1px;text-shadow:none\">  \u00d6FFNEN &#8211; 1 <\/span><\/a><\/div>\n<\/div>\r\n\r\n\r\n\r\n<div class=\"wp-block-column is-layout-flow wp-block-column-is-layout-flow\"><div class=\"su-button-center\"><a href=\"https:\/\/www.ihk.de\/blueprint\/servlet\/resource\/blob\/3574346\/a2ad3024ca2ff4f68359722caac94403\/aufhebungsvertrag-2016-data.pdf\" class=\"su-button su-button-style-flat\" style=\"color:#FFFFFF;background-color:#144bb6;border-color:#103c92;border-radius:1px\" target=\"_self\"><span style=\"color:#FFFFFF;padding:0px 24px;font-size:18px;line-height:36px;border-color:#5b81cc;border-radius:1px;text-shadow:none\">  \u00d6FFNEN &#8211; 2 <\/span><\/a><\/div>\n<\/div>\r\n<\/div>\r\n\r\n\r\n<hr class=\"wp-block-separator has-alpha-channel-opacity\" \/>\r\n\r\n\r\n<figure class=\"wp-block-table aligncenter\">\r\n<table>\r\n<tbody>\r\n<tr>\r\n<td><strong>Aufhebungsvertrag<\/strong><\/td>\r\n<\/tr>\r\n<tr>\r\n<td>PDF &#8211; WORD Format<\/td>\r\n<\/tr>\r\n<tr>\r\n<td>Bewertung: \u2b50\u2b50\u2b50\u2b50\u2b50 4.19<\/td>\r\n<\/tr>\r\n<tr>\r\n<td>Ergebnisse &#8211; 2985<\/td>\r\n<\/tr>\r\n<\/tbody>\r\n<\/table>\r\n<\/figure>\r\n\r\n\r\n<hr class=\"wp-block-separator has-alpha-channel-opacity\" \/>\r\n<div class=\"su-note\"  style=\"border-color:#e5e5e5;border-radius:10px;-moz-border-radius:10px;-webkit-border-radius:10px;\"><div class=\"su-note-inner su-u-clearfix su-u-trim\" style=\"background-color:#FFFFFF;border-color:#ffffff;color:#333333;border-radius:10px;-moz-border-radius:10px;-webkit-border-radius:10px;\">\r\n<p><p>Ein Aufhebungsvertrag ist ein rechtliches Dokument, das zwischen einem Arbeitnehmer und einem Arbeitgeber erstellt wird, um die Beendigung des Arbeitsverh\u00e4ltnisses zu regeln. Es ist wichtig, einen Aufhebungsvertrag korrekt zu verfassen, um m\u00f6gliche rechtliche Konsequenzen zu vermeiden.<\/p>  <p>Im folgenden Leitfaden werden wir Ihnen Schritt f\u00fcr Schritt zeigen, wie Sie einen Aufhebungsvertrag erstellen:<\/p>  <dt>Schritt 1: Die Parteien identifizieren<\/dt> <dd>Beginnen Sie den Aufhebungsvertrag, indem Sie die Namen und Adressen des Arbeitnehmers und Arbeitgebers angeben. Stellen Sie sicher, dass alle relevanten Informationen korrekt angegeben werden.<\/dd>  <dt>Schritt 2: Das Vertragsende festlegen<\/dt> <dd>In diesem Abschnitt m\u00fcssen Sie das genaue Datum angeben, an dem das Arbeitsverh\u00e4ltnis enden wird. Stellen Sie sicher, dass das angegebene Datum sowohl f\u00fcr den Arbeitnehmer als auch f\u00fcr den Arbeitgeber akzeptabel ist.<\/dd>  <dt>Schritt 3: Finanzielle Vereinbarungen<\/dt> <dd>Legen Sie in diesem Abschnitt alle finanziellen Vereinbarungen fest, die im Zusammenhang mit der Beendigung des Arbeitsverh\u00e4ltnisses stehen. Dazu geh\u00f6ren beispielsweise Abfindungszahlungen, Urlaubsanspr\u00fcche und gegebenenfalls eine Vereinbarung \u00fcber die \u00dcbernahme von Schulungskosten.<\/dd>  <dt>Schritt 4: Geheimhaltungsklausel<\/dt> <dd>Erw\u00e4gen Sie die Aufnahme einer Geheimhaltungsklausel, die sowohl den Arbeitnehmer als auch den Arbeitgeber daran hindert, vertrauliche Informationen offenzulegen. Diese Klausel kann auch die Zustimmung zur L\u00f6schung von Daten auf Computern und anderen Ger\u00e4ten regeln.<\/dd>  <dt>Schritt 5: Wettbewerbsverbotsklausel<\/dt> <dd>Wenn es notwendig ist, f\u00fcgen Sie eine Klausel ein, die den Arbeitnehmer daran hindert, f\u00fcr eine bestimmte Zeit in direkter Konkurrenz zum Unternehmen des Arbeitgebers zu arbeiten. Diese Klausel sollte bestimmte geografische und zeitliche Beschr\u00e4nkungen enthalten.<\/dd>  <dt>Schritt 6: Beurkundung<\/dt> <dd>Um den Aufhebungsvertrag rechtlich bindend zu machen, sollte er von beiden Parteien unterschrieben und vorzugsweise vor einem Notar beurkundet werden. Dies stellt sicher, dass der Vertrag im Streitfall vor Gericht Bestand hat.<\/dd>  <p>Es ist wichtig anzumerken, dass ein Aufhebungsvertrag komplex sein kann und rechtliche Beratung sinnvoll sein kann. Es ist ratsam, einen Anwalt f\u00fcr Arbeitsrecht hinzuzuziehen, um sicherzustellen, dass der Aufhebungsvertrag allen gesetzlichen Anforderungen entspricht.<\/p>  <p><strong><b>Fazit:<\/b><\/strong><\/p>  <p>Einen korrekten Aufhebungsvertrag zu erstellen ist von entscheidender Bedeutung, um m\u00f6gliche rechtliche Probleme zu vermeiden. Indem Sie die oben aufgef\u00fchrten Schritte befolgen und gegebenenfalls rechtliche Beratung einholen, k\u00f6nnen Sie sicherstellen, dass der Aufhebungsvertrag sowohl f\u00fcr den Arbeitnehmer als auch f\u00fcr den Arbeitgeber fair und bindend ist.<\/p><\/p>\r\n<\/div><\/div>\r\n<hr class=\"wp-block-separator has-alpha-channel-opacity\" \/>","protected":false},"excerpt":{"rendered":"<p>Muster und Vorlage f\u00fcr Aufhebungsvertrag zur Erstellung und Anpassung &#8211; \u00d6ffnen im WORD\u2013 und PDF-Format &nbsp; Vorlage und Muster f\u00fcr &#8230; <\/p>\n<p class=\"read-more-container\"><a title=\"\u00d6ffnen &#8211; Aufhebungsvertrag Vorlage\" class=\"read-more button\" href=\"https:\/\/dokuschreibt.com\/de\/aufhebungsvertrag-offnen\/#more-1037\" aria-label=\"Mehr zu \u00d6ffnen &#8211; Aufhebungsvertrag Vorlage\">\u00d6ffnen<\/a><\/p>\n","protected":false},"author":1,"featured_media":0,"parent":0,"menu_order":0,"comment_status":"closed","ping_status":"closed","template":"","meta":{"footnotes":""},"class_list":{"0":"post-1037","1":"page","2":"type-page","3":"status-publish","5":"infinite-scroll-item"},"yoast_head":"<!-- This site is optimized with the Yoast SEO plugin v24.6 - https:\/\/yoast.com\/wordpress\/plugins\/seo\/ -->\n<title>\u00d6ffnen - Aufhebungsvertrag Vorlage - Doku Schreibt<\/title>\n<meta name=\"robots\" content=\"noindex, follow\" \/>\n<meta property=\"og:locale\" content=\"de_DE\" \/>\n<meta property=\"og:type\" content=\"article\" \/>\n<meta property=\"og:title\" content=\"\u00d6ffnen - Aufhebungsvertrag Vorlage - Doku Schreibt\" \/>\n<meta property=\"og:description\" content=\"Muster und Vorlage f\u00fcr Aufhebungsvertrag zur Erstellung und Anpassung &#8211; \u00d6ffnen im WORD\u2013 und PDF-Format &nbsp; Vorlage und Muster f\u00fcr ... \u00d6ffnen\" \/>\n<meta property=\"og:url\" content=\"https:\/\/dokuschreibt.com\/de\/aufhebungsvertrag-offnen\/\" \/>\n<meta property=\"og:site_name\" content=\"Doku Schreibt\" \/>\n<meta property=\"og:image\" content=\"https:\/\/dokuschreibt.com\/de\/wp-content\/uploads\/wie-schreibt-man-aufhebungsvertrag-muster.jpg\" \/>\n<meta name=\"twitter:card\" content=\"summary_large_image\" \/>\n<meta name=\"twitter:label1\" content=\"Gesch\u00e4tzte Lesezeit\" \/>\n\t<meta name=\"twitter:data1\" content=\"1\u00a0Minute\" \/>\n<script type=\"application\/ld+json\" class=\"yoast-schema-graph\">{\"@context\":\"https:\/\/schema.org\",\"@graph\":[{\"@type\":\"WebPage\",\"@id\":\"https:\/\/dokuschreibt.com\/de\/aufhebungsvertrag-offnen\/\",\"url\":\"https:\/\/dokuschreibt.com\/de\/aufhebungsvertrag-offnen\/\",\"name\":\"\u00d6ffnen - Aufhebungsvertrag Vorlage - Doku Schreibt\",\"isPartOf\":{\"@id\":\"https:\/\/dokuschreibt.com\/de\/#website\"},\"primaryImageOfPage\":{\"@id\":\"https:\/\/dokuschreibt.com\/de\/aufhebungsvertrag-offnen\/#primaryimage\"},\"image\":{\"@id\":\"https:\/\/dokuschreibt.com\/de\/aufhebungsvertrag-offnen\/#primaryimage\"},\"thumbnailUrl\":\"https:\/\/dokuschreibt.com\/de\/wp-content\/uploads\/wie-schreibt-man-aufhebungsvertrag-muster.jpg\",\"datePublished\":\"2023-10-08T08:46:30+00:00\",\"breadcrumb\":{\"@id\":\"https:\/\/dokuschreibt.com\/de\/aufhebungsvertrag-offnen\/#breadcrumb\"},\"inLanguage\":\"de\",\"potentialAction\":[{\"@type\":\"ReadAction\",\"target\":[\"https:\/\/dokuschreibt.com\/de\/aufhebungsvertrag-offnen\/\"]}]},{\"@type\":\"ImageObject\",\"inLanguage\":\"de\",\"@id\":\"https:\/\/dokuschreibt.com\/de\/aufhebungsvertrag-offnen\/#primaryimage\",\"url\":\"https:\/\/dokuschreibt.com\/de\/wp-content\/uploads\/wie-schreibt-man-absage-an-den-arbeitgeber-muster.jpg\",\"contentUrl\":\"https:\/\/dokuschreibt.com\/de\/wp-content\/uploads\/wie-schreibt-man-absage-an-den-arbeitgeber-muster.jpg\",\"width\":1410,\"height\":2250},{\"@type\":\"BreadcrumbList\",\"@id\":\"https:\/\/dokuschreibt.com\/de\/aufhebungsvertrag-offnen\/#breadcrumb\",\"itemListElement\":[{\"@type\":\"ListItem\",\"position\":1,\"name\":\"Portada\",\"item\":\"https:\/\/dokuschreibt.com\/de\/\"},{\"@type\":\"ListItem\",\"position\":2,\"name\":\"\u00d6ffnen &#8211; Aufhebungsvertrag Vorlage\"}]},{\"@type\":\"WebSite\",\"@id\":\"https:\/\/dokuschreibt.com\/de\/#website\",\"url\":\"https:\/\/dokuschreibt.com\/de\/\",\"name\":\"Doku Schreibt\",\"description\":\"Wie Schreibt Man\",\"publisher\":{\"@id\":\"https:\/\/dokuschreibt.com\/de\/#organization\"},\"potentialAction\":[{\"@type\":\"SearchAction\",\"target\":{\"@type\":\"EntryPoint\",\"urlTemplate\":\"https:\/\/dokuschreibt.com\/de\/?s={search_term_string}\"},\"query-input\":{\"@type\":\"PropertyValueSpecification\",\"valueRequired\":true,\"valueName\":\"search_term_string\"}}],\"inLanguage\":\"de\"},{\"@type\":\"Organization\",\"@id\":\"https:\/\/dokuschreibt.com\/de\/#organization\",\"name\":\"Doku Schreibt\",\"url\":\"https:\/\/dokuschreibt.com\/de\/\",\"logo\":{\"@type\":\"ImageObject\",\"inLanguage\":\"de\",\"@id\":\"https:\/\/dokuschreibt.com\/de\/#\/schema\/logo\/image\/\",\"url\":\"https:\/\/dokuschreibt.com\/de\/wp-content\/uploads\/cropped-fav.png\",\"contentUrl\":\"https:\/\/dokuschreibt.com\/de\/wp-content\/uploads\/cropped-fav.png\",\"width\":512,\"height\":512,\"caption\":\"Doku Schreibt\"},\"image\":{\"@id\":\"https:\/\/dokuschreibt.com\/de\/#\/schema\/logo\/image\/\"}}]}<\/script>\n<!-- \/ Yoast SEO plugin. -->","yoast_head_json":{"title":"\u00d6ffnen - Aufhebungsvertrag Vorlage - Doku Schreibt","robots":{"index":"noindex","follow":"follow"},"og_locale":"de_DE","og_type":"article","og_title":"\u00d6ffnen - Aufhebungsvertrag Vorlage - Doku Schreibt","og_description":"Muster und Vorlage f\u00fcr Aufhebungsvertrag zur Erstellung und Anpassung &#8211; \u00d6ffnen im WORD\u2013 und PDF-Format &nbsp; Vorlage und Muster f\u00fcr ... \u00d6ffnen","og_url":"https:\/\/dokuschreibt.com\/de\/aufhebungsvertrag-offnen\/","og_site_name":"Doku Schreibt","og_image":[{"url":"https:\/\/dokuschreibt.com\/de\/wp-content\/uploads\/wie-schreibt-man-aufhebungsvertrag-muster.jpg","type":"","width":"","height":""}],"twitter_card":"summary_large_image","twitter_misc":{"Gesch\u00e4tzte Lesezeit":"1\u00a0Minute"},"schema":{"@context":"https:\/\/schema.org","@graph":[{"@type":"WebPage","@id":"https:\/\/dokuschreibt.com\/de\/aufhebungsvertrag-offnen\/","url":"https:\/\/dokuschreibt.com\/de\/aufhebungsvertrag-offnen\/","name":"\u00d6ffnen - Aufhebungsvertrag Vorlage - Doku Schreibt","isPartOf":{"@id":"https:\/\/dokuschreibt.com\/de\/#website"},"primaryImageOfPage":{"@id":"https:\/\/dokuschreibt.com\/de\/aufhebungsvertrag-offnen\/#primaryimage"},"image":{"@id":"https:\/\/dokuschreibt.com\/de\/aufhebungsvertrag-offnen\/#primaryimage"},"thumbnailUrl":"https:\/\/dokuschreibt.com\/de\/wp-content\/uploads\/wie-schreibt-man-aufhebungsvertrag-muster.jpg","datePublished":"2023-10-08T08:46:30+00:00","breadcrumb":{"@id":"https:\/\/dokuschreibt.com\/de\/aufhebungsvertrag-offnen\/#breadcrumb"},"inLanguage":"de","potentialAction":[{"@type":"ReadAction","target":["https:\/\/dokuschreibt.com\/de\/aufhebungsvertrag-offnen\/"]}]},{"@type":"ImageObject","inLanguage":"de","@id":"https:\/\/dokuschreibt.com\/de\/aufhebungsvertrag-offnen\/#primaryimage","url":"https:\/\/dokuschreibt.com\/de\/wp-content\/uploads\/wie-schreibt-man-absage-an-den-arbeitgeber-muster.jpg","contentUrl":"https:\/\/dokuschreibt.com\/de\/wp-content\/uploads\/wie-schreibt-man-absage-an-den-arbeitgeber-muster.jpg","width":1410,"height":2250},{"@type":"BreadcrumbList","@id":"https:\/\/dokuschreibt.com\/de\/aufhebungsvertrag-offnen\/#breadcrumb","itemListElement":[{"@type":"ListItem","position":1,"name":"Portada","item":"https:\/\/dokuschreibt.com\/de\/"},{"@type":"ListItem","position":2,"name":"\u00d6ffnen &#8211; Aufhebungsvertrag Vorlage"}]},{"@type":"WebSite","@id":"https:\/\/dokuschreibt.com\/de\/#website","url":"https:\/\/dokuschreibt.com\/de\/","name":"Doku Schreibt","description":"Wie Schreibt Man","publisher":{"@id":"https:\/\/dokuschreibt.com\/de\/#organization"},"potentialAction":[{"@type":"SearchAction","target":{"@type":"EntryPoint","urlTemplate":"https:\/\/dokuschreibt.com\/de\/?s={search_term_string}"},"query-input":{"@type":"PropertyValueSpecification","valueRequired":true,"valueName":"search_term_string"}}],"inLanguage":"de"},{"@type":"Organization","@id":"https:\/\/dokuschreibt.com\/de\/#organization","name":"Doku Schreibt","url":"https:\/\/dokuschreibt.com\/de\/","logo":{"@type":"ImageObject","inLanguage":"de","@id":"https:\/\/dokuschreibt.com\/de\/#\/schema\/logo\/image\/","url":"https:\/\/dokuschreibt.com\/de\/wp-content\/uploads\/cropped-fav.png","contentUrl":"https:\/\/dokuschreibt.com\/de\/wp-content\/uploads\/cropped-fav.png","width":512,"height":512,"caption":"Doku Schreibt"},"image":{"@id":"https:\/\/dokuschreibt.com\/de\/#\/schema\/logo\/image\/"}}]}},"_links":{"self":[{"href":"https:\/\/dokuschreibt.com\/de\/wp-json\/wp\/v2\/pages\/1037","targetHints":{"allow":["GET"]}}],"collection":[{"href":"https:\/\/dokuschreibt.com\/de\/wp-json\/wp\/v2\/pages"}],"about":[{"href":"https:\/\/dokuschreibt.com\/de\/wp-json\/wp\/v2\/types\/page"}],"author":[{"embeddable":true,"href":"https:\/\/dokuschreibt.com\/de\/wp-json\/wp\/v2\/users\/1"}],"replies":[{"embeddable":true,"href":"https:\/\/dokuschreibt.com\/de\/wp-json\/wp\/v2\/comments?post=1037"}],"version-history":[{"count":0,"href":"https:\/\/dokuschreibt.com\/de\/wp-json\/wp\/v2\/pages\/1037\/revisions"}],"wp:attachment":[{"href":"https:\/\/dokuschreibt.com\/de\/wp-json\/wp\/v2\/media?parent=1037"}],"curies":[{"name":"wp","href":"https:\/\/api.w.org\/{rel}","templated":true}]}}