{"id":1014,"date":"2023-10-08T08:46:19","date_gmt":"2023-10-08T08:46:19","guid":{"rendered":"https:\/\/dokuschreibt.com\/de\/agenda-offnen\/"},"modified":"2023-10-08T08:46:19","modified_gmt":"2023-10-08T08:46:19","slug":"agenda-offnen","status":"publish","type":"page","link":"https:\/\/dokuschreibt.com\/de\/agenda-offnen\/","title":{"rendered":"\u00d6ffnen &#8211; Agenda Vorlage"},"content":{"rendered":"\r\n<p class=\"has-text-align-center\">Muster und Vorlage f\u00fcr <strong> Agenda<\/strong> zur Erstellung und Anpassung &#8211; \u00d6ffnen im <strong>WORD<\/strong>\u2013 und <strong>PDF-Format<\/strong><\/p>\r\n\r\n\r\n<div class=\"wp-block-image\">\r\n<figure class=\"aligncenter size-large is-resized\"><img loading=\"lazy\" decoding=\"async\" class=\"wp-image-215\" src=\"https:\/\/dokuschreibt.com\/de\/wp-content\/uploads\/wie-schreibt-man-agenda-muster.jpg\" alt=\"\" width=\"245\" height=\"391\" \/><\/figure>\r\n<\/div>\r\n\r\n<hr class=\"wp-block-separator has-alpha-channel-opacity\" \/>\r\n\r\n\r\n<div class=\"su-note\"  style=\"border-color:#e5e5e5;border-radius:10px;-moz-border-radius:10px;-webkit-border-radius:10px;\"><div class=\"su-note-inner su-u-clearfix su-u-trim\" style=\"background-color:#FFFFFF;border-color:#ffffff;color:#333333;border-radius:10px;-moz-border-radius:10px;-webkit-border-radius:10px;\">\r\n<section id=\"specialParagraph\">\r\n<p><p>Die Vorlage f\u00fcr eine Agenda enth\u00e4lt alle Bestandteile, um strukturiert und \u00fcbersichtlich den Ablauf einer Veranstaltung, eines Meetings oder einer Konferenz zu pr\u00e4sentieren.<\/p>  <p><strong><p>Vorlage Agenda<\/p><\/strong><\/p>  <h3>1. Begr\u00fc\u00dfung und Er\u00f6ffnung<\/h3> <ul> <li>Begr\u00fc\u00dfung der Teilnehmer<\/li> <li>Er\u00f6ffnungsansprache<\/li> <li>Festlegung der Tagesordnungspunkte<\/li> <\/ul>  <h3>2. Vorstellung der Teilnehmer<\/h3> <ul> <li>Jeder Teilnehmer stellt sich kurz vor<\/li> <li>Optional: Vorstellung der Referenten oder G\u00e4ste<\/li> <\/ul>  <h3>3. Bericht des letzten Treffens<\/h3> <ul> <li>Kurzer R\u00fcckblick auf das letzte Meeting\/Event<\/li> <li>Zusammenfassung der Ergebnisse und Beschl\u00fcsse<\/li> <li>Pr\u00fcfung der Umsetzung der vereinbarten Ma\u00dfnahmen<\/li> <\/ul>  <h3>4. Tagesordnungspunkte<\/h3> <ol> <li>Tagesordnungspunkt 1: Titel oder Thema<\/li> <p>Hier wird der erste Punkt der Tagesordnung ausf\u00fchrlich behandelt. Es k\u00f6nnen Unterthemen, Pr\u00e4sentationen oder Diskussionsrunden enthalten sein.<\/p> <li>Tagesordnungspunkt 2: Titel oder Thema<\/li> <p>Hier wird der zweite Punkt der Tagesordnung ausf\u00fchrlich behandelt. Es k\u00f6nnen Unterthemen, Pr\u00e4sentationen oder Diskussionsrunden enthalten sein.<\/p> <li>Tagesordnungspunkt 3: Titel oder Thema<\/li> <p>Hier wird der dritte Punkt der Tagesordnung ausf\u00fchrlich behandelt. Es k\u00f6nnen Unterthemen, Pr\u00e4sentationen oder Diskussionsrunden enthalten sein.<\/p> <!-- Fortfahren Sie mit den weiteren Tagesordnungspunkten nach demselben Schema -->  <\/ol>  <h3>5. Zusammenfassung und Abschluss<\/h3> <ul> <li>Festhalten der wichtigsten Ergebnisse aller Tagesordnungspunkte<\/li> <li>Schlussworte und Dank an die Teilnehmer<\/li> <li>Ausblick auf kommende Termine oder Veranstaltungen<\/li> <\/ul>  <h3>6. Verabschiedung<\/h3> <ul> <li>Verabschiedung der Teilnehmer<\/li> <li>Optional: Gelegenheit f\u00fcr Networking oder informelle Gespr\u00e4che<\/li> <\/ul>  <p>Nutzen Sie diese Vorlage als Grundlage f\u00fcr Ihre Agenda und passen Sie diese an Ihre individuellen Anforderungen an. So stellen Sie sicher, dass Ihre Veranstaltung oder Ihr Meeting strukturiert und effizient abl\u00e4uft.<\/p><\/p>\r\n<\/section>\r\n<\/div><\/div>\r\n<p>&nbsp;<\/p>\r\n\r\n\r\n\r\n<p class=\"has-text-align-center\">Muster und Vorlage f\u00fcr <strong> Agenda<\/strong> zur Anpassung und Erstellung  im <strong>WORD<\/strong>\u2013 und <strong>PDF-Format<\/strong><\/p>\r\n\r\n<p><button id=\"generatePDF\">Als PDF Erstellen<\/button><\/p>\r\n<p style=\"text-align: center;\"><strong>Mehr Muster und Vorlage f\u00fcr Agenda<\/strong><\/p>\r\n<hr class=\"wp-block-separator has-alpha-channel-opacity\" \/>\r\n\r\n\r\n<div class=\"wp-block-columns is-layout-flex wp-container-core-columns-is-layout-9d6595d7 wp-block-columns-is-layout-flex\">\r\n<div class=\"wp-block-column is-layout-flow wp-block-column-is-layout-flow\"><div class=\"su-button-center\"><a href=\"https:\/\/www.hs-osnabrueck.de\/fileadmin\/HSOS\/Homepages\/LearningCenter\/Dateien\/Toolbox\/TuE\/Agenda_Protokoll.pdf\" class=\"su-button su-button-style-flat\" style=\"color:#FFFFFF;background-color:#144bb6;border-color:#103c92;border-radius:1px\" target=\"_self\"><span style=\"color:#FFFFFF;padding:0px 24px;font-size:18px;line-height:36px;border-color:#5b81cc;border-radius:1px;text-shadow:none\">  \u00d6FFNEN &#8211; 1 <\/span><\/a><\/div>\n<\/div>\r\n\r\n\r\n\r\n<div class=\"wp-block-column is-layout-flow wp-block-column-is-layout-flow\"><div class=\"su-button-center\"><a href=\"https:\/\/io-business.de\/wp-content\/uploads\/2017\/03\/Tagesordnung_Vorlage_Muster_Beispiel_Meeting_Besprechung_Workshop_Konferenz_Sitzung_200187_17_06_14.pdf\" class=\"su-button su-button-style-flat\" style=\"color:#FFFFFF;background-color:#144bb6;border-color:#103c92;border-radius:1px\" target=\"_self\"><span style=\"color:#FFFFFF;padding:0px 24px;font-size:18px;line-height:36px;border-color:#5b81cc;border-radius:1px;text-shadow:none\">  \u00d6FFNEN &#8211; 2 <\/span><\/a><\/div>\n<\/div>\r\n<\/div>\r\n\r\n\r\n<hr class=\"wp-block-separator has-alpha-channel-opacity\" \/>\r\n\r\n\r\n<figure class=\"wp-block-table aligncenter\">\r\n<table>\r\n<tbody>\r\n<tr>\r\n<td><strong>Agenda<\/strong><\/td>\r\n<\/tr>\r\n<tr>\r\n<td>PDF &#8211; WORD Format<\/td>\r\n<\/tr>\r\n<tr>\r\n<td>Bewertung: \u2b50\u2b50\u2b50\u2b50\u2b50 4.35<\/td>\r\n<\/tr>\r\n<tr>\r\n<td>Ergebnisse &#8211; 200<\/td>\r\n<\/tr>\r\n<\/tbody>\r\n<\/table>\r\n<\/figure>\r\n\r\n\r\n<hr class=\"wp-block-separator has-alpha-channel-opacity\" \/>\r\n<div class=\"su-note\"  style=\"border-color:#e5e5e5;border-radius:10px;-moz-border-radius:10px;-webkit-border-radius:10px;\"><div class=\"su-note-inner su-u-clearfix su-u-trim\" style=\"background-color:#FFFFFF;border-color:#ffffff;color:#333333;border-radius:10px;-moz-border-radius:10px;-webkit-border-radius:10px;\">\r\n<p><p><strong> Schritt 1: <\/strong><\/p> <p> \u00dcberlegen Sie sich zun\u00e4chst, warum Sie eine Agenda schreiben m\u00f6chten. Eine Agenda ist eine Liste von Aufgaben, Themen oder Aktivit\u00e4ten, die bei einer Besprechung, einem Meeting, einem Seminar oder einer Konferenz behandelt werden sollen. Indem Sie eine Agenda erstellen, k\u00f6nnen Sie sicherstellen, dass alle relevanten Informationen organisiert sind und dass die Zeit effizient genutzt wird.<\/p>  <p><strong> Schritt 2: <\/strong><\/p> <p> Entscheiden Sie, ob Sie eine digitale oder eine physische Agenda schreiben m\u00f6chten. Eine digitale Agenda kann in einem Textverarbeitungsprogramm oder einer Kalender-App erstellt werden, w\u00e4hrend eine physische Agenda auf Papier geschrieben wird. Beide Methoden haben ihre eigenen Vor- und Nachteile, also w\u00e4hlen Sie diejenige, die am besten zu Ihren Bed\u00fcrfnissen passt.<\/p>  <p><strong> Schritt 3: <\/strong><\/p> <p> Beginnen Sie Ihre Agenda, indem Sie die Grundinformationen einschlie\u00dfen. Geben Sie den Titel der Veranstaltung oder des Treffens an, das Datum, den Veranstaltungsort und die geplante Dauer. Dies hilft den Teilnehmern, sich auf die bevorstehende Veranstaltung vorzubereiten und ihre Zeit entsprechend zu planen.<\/p>  <p><strong> Schritt 4: <\/strong><\/p> <p> Erstellen Sie eine Liste der einzelnen Punkte, die in der Agenda behandelt werden sollen. Beginnen Sie mit einem \u00fcbergeordneten Thema und unterteilen Sie es in Unterpunkte. Verwenden Sie <strong><dt><\/strong> und <strong><dd><\/strong> tags, um die Unterpunkte hervorzuheben und sie klar von den anderen Elementen in der Agenda zu unterscheiden. Zum Beispiel:<\/p>  <dl> <dt> Begr\u00fc\u00dfung und Einleitung <\/dt> <dd>&#8211; Vorstellung der Teilnehmer<\/dd> <dd>&#8211; Festlegung der Tagesordnung<\/dd> <dd>&#8211; Erkl\u00e4rung der Zielsetzung und Erwartungen<\/dd>  <dt> Pr\u00e4sentation des Hauptthemas <\/dt> <dd>&#8211; Vorstellung der relevanten Informationen<\/dd> <dd>&#8211; Diskussion und Austausch von Ideen<\/dd> <dd>&#8211; Kl\u00e4rung von Fragen und Unklarheiten<\/dd>  <dt> Aktionsplanung und Abschluss <\/dt> <dd>&#8211; Vereinbarung von n\u00e4chsten Schritten und Verantwortlichkeiten<\/dd> <dd>&#8211; Zusammenfassung der Ergebnisse<\/dd> <dd>&#8211; Feedback und Bewertung der Veranstaltung<\/dd> <\/dl>  <p><strong> Schritt 5: <\/strong><\/p> <p> Geben Sie f\u00fcr jeden Punkt in der Agenda eine gesch\u00e4tzte Zeit an. Dies hilft den Teilnehmern, den Zeitplan einzuhalten und sicherzustellen, dass jedes Thema ausreichend behandelt wird. Beachten Sie, dass die Zeitangaben flexibel sein k\u00f6nnen und je nach Bedarf angepasst werden sollten.<\/p>  <p><strong> Schritt 6: <\/strong><\/p> <p> F\u00fcgen Sie bei Bedarf weitere Informationen hinzu, z. B. bestimmte Materialien, die vor der Veranstaltung gelesen werden sollten, oder spezifische Anweisungen f\u00fcr die Teilnehmer. Stellen Sie sicher, dass alle relevanten Informationen leicht zug\u00e4nglich und verst\u00e4ndlich sind.<\/p>  <p><strong> Schritt 7: <\/strong><\/p> <p> \u00dcberpr\u00fcfen Sie Ihre Agenda sorgf\u00e4ltig auf Fehler oder Unstimmigkeiten. Stellen Sie sicher, dass alle Punkte logisch angeordnet sind und dass die Agenda insgesamt gut strukturiert ist. Wenn Sie unsicher sind, lassen Sie Ihre Agenda von einer anderen Person gegenlesen und Feedback geben.<\/p>  <p><strong> Schritt 8: <\/strong><\/p> <p> Drucken Sie die Agenda aus oder senden Sie sie an alle Teilnehmer per E-Mail. Stellen Sie sicher, dass alle Teilnehmer vor der Veranstaltung Zugriff auf die Agenda haben, damit sie sich angemessen vorbereiten k\u00f6nnen.<\/p>  <p><strong> Schritt 9: <\/strong><\/p> <p> W\u00e4hrend der Veranstaltung folgen Sie der Agenda, um sicherzustellen, dass alle Punkte behandelt werden und dass die Zeit effizient genutzt wird. Notieren Sie wichtige Punkte, Entscheidungen oder Aktionsschritte, um sicherzustellen, dass nichts verloren geht.<\/p>  <p><strong> Schritt 10: <\/strong><\/p> <p> Nach der Veranstaltung \u00fcberpr\u00fcfen Sie die Agenda erneut und nehmen Sie gegebenenfalls Anpassungen oder Erg\u00e4nzungen vor. Verwenden Sie die Agenda als Referenz f\u00fcr das n\u00e4chste Treffen oder die n\u00e4chste Veranstaltung, um Kontinuit\u00e4t und Fortschritt sicherzustellen.<\/p>  <p> Indem Sie eine gut durchdachte und strukturierte Agenda schreiben, k\u00f6nnen Sie sicherstellen, dass Ihre Veranstaltungen und Meetings effektiv und produktiv sind. Eine Agenda hilft den Teilnehmern, sich zu fokussieren, die Zeit richtig zu nutzen und die Ziele zu erreichen. Verwenden Sie die oben genannten Schritte als Leitfaden, um Ihre eigene Agenda zu erstellen und Ihre n\u00e4chsten Veranstaltungen zu einem Erfolg zu machen.<\/p><\/p>\r\n<\/div><\/div>\r\n<hr class=\"wp-block-separator has-alpha-channel-opacity\" \/>","protected":false},"excerpt":{"rendered":"<p>Muster und Vorlage f\u00fcr Agenda zur Erstellung und Anpassung &#8211; \u00d6ffnen im WORD\u2013 und PDF-Format &nbsp; Muster und Vorlage f\u00fcr &#8230; <\/p>\n<p class=\"read-more-container\"><a title=\"\u00d6ffnen &#8211; Agenda Vorlage\" class=\"read-more button\" href=\"https:\/\/dokuschreibt.com\/de\/agenda-offnen\/#more-1014\" aria-label=\"Mehr zu \u00d6ffnen &#8211; Agenda Vorlage\">\u00d6ffnen<\/a><\/p>\n","protected":false},"author":1,"featured_media":0,"parent":0,"menu_order":0,"comment_status":"closed","ping_status":"closed","template":"","meta":{"footnotes":""},"class_list":{"0":"post-1014","1":"page","2":"type-page","3":"status-publish","5":"infinite-scroll-item"},"yoast_head":"<!-- This site is optimized with the Yoast SEO plugin v24.6 - https:\/\/yoast.com\/wordpress\/plugins\/seo\/ -->\n<title>\u00d6ffnen - Agenda Vorlage - Doku Schreibt<\/title>\n<meta name=\"robots\" content=\"noindex, follow\" \/>\n<meta property=\"og:locale\" content=\"de_DE\" \/>\n<meta property=\"og:type\" content=\"article\" \/>\n<meta property=\"og:title\" content=\"\u00d6ffnen - Agenda Vorlage - Doku Schreibt\" \/>\n<meta property=\"og:description\" content=\"Muster und Vorlage f\u00fcr Agenda zur Erstellung und Anpassung &#8211; \u00d6ffnen im WORD\u2013 und PDF-Format &nbsp; Muster und Vorlage f\u00fcr ... \u00d6ffnen\" \/>\n<meta property=\"og:url\" content=\"https:\/\/dokuschreibt.com\/de\/agenda-offnen\/\" \/>\n<meta property=\"og:site_name\" content=\"Doku Schreibt\" \/>\n<meta property=\"og:image\" content=\"https:\/\/dokuschreibt.com\/de\/wp-content\/uploads\/wie-schreibt-man-agenda-muster.jpg\" \/>\n<meta name=\"twitter:card\" content=\"summary_large_image\" \/>\n<meta name=\"twitter:label1\" content=\"Gesch\u00e4tzte Lesezeit\" \/>\n\t<meta name=\"twitter:data1\" content=\"1\u00a0Minute\" \/>\n<script type=\"application\/ld+json\" class=\"yoast-schema-graph\">{\"@context\":\"https:\/\/schema.org\",\"@graph\":[{\"@type\":\"WebPage\",\"@id\":\"https:\/\/dokuschreibt.com\/de\/agenda-offnen\/\",\"url\":\"https:\/\/dokuschreibt.com\/de\/agenda-offnen\/\",\"name\":\"\u00d6ffnen - Agenda Vorlage - Doku Schreibt\",\"isPartOf\":{\"@id\":\"https:\/\/dokuschreibt.com\/de\/#website\"},\"primaryImageOfPage\":{\"@id\":\"https:\/\/dokuschreibt.com\/de\/agenda-offnen\/#primaryimage\"},\"image\":{\"@id\":\"https:\/\/dokuschreibt.com\/de\/agenda-offnen\/#primaryimage\"},\"thumbnailUrl\":\"https:\/\/dokuschreibt.com\/de\/wp-content\/uploads\/wie-schreibt-man-agenda-muster.jpg\",\"datePublished\":\"2023-10-08T08:46:19+00:00\",\"breadcrumb\":{\"@id\":\"https:\/\/dokuschreibt.com\/de\/agenda-offnen\/#breadcrumb\"},\"inLanguage\":\"de\",\"potentialAction\":[{\"@type\":\"ReadAction\",\"target\":[\"https:\/\/dokuschreibt.com\/de\/agenda-offnen\/\"]}]},{\"@type\":\"ImageObject\",\"inLanguage\":\"de\",\"@id\":\"https:\/\/dokuschreibt.com\/de\/agenda-offnen\/#primaryimage\",\"url\":\"https:\/\/dokuschreibt.com\/de\/wp-content\/uploads\/wie-schreibt-man-absage-an-den-arbeitgeber-muster.jpg\",\"contentUrl\":\"https:\/\/dokuschreibt.com\/de\/wp-content\/uploads\/wie-schreibt-man-absage-an-den-arbeitgeber-muster.jpg\",\"width\":1410,\"height\":2250},{\"@type\":\"BreadcrumbList\",\"@id\":\"https:\/\/dokuschreibt.com\/de\/agenda-offnen\/#breadcrumb\",\"itemListElement\":[{\"@type\":\"ListItem\",\"position\":1,\"name\":\"Portada\",\"item\":\"https:\/\/dokuschreibt.com\/de\/\"},{\"@type\":\"ListItem\",\"position\":2,\"name\":\"\u00d6ffnen &#8211; Agenda Vorlage\"}]},{\"@type\":\"WebSite\",\"@id\":\"https:\/\/dokuschreibt.com\/de\/#website\",\"url\":\"https:\/\/dokuschreibt.com\/de\/\",\"name\":\"Doku Schreibt\",\"description\":\"Wie Schreibt Man\",\"publisher\":{\"@id\":\"https:\/\/dokuschreibt.com\/de\/#organization\"},\"potentialAction\":[{\"@type\":\"SearchAction\",\"target\":{\"@type\":\"EntryPoint\",\"urlTemplate\":\"https:\/\/dokuschreibt.com\/de\/?s={search_term_string}\"},\"query-input\":{\"@type\":\"PropertyValueSpecification\",\"valueRequired\":true,\"valueName\":\"search_term_string\"}}],\"inLanguage\":\"de\"},{\"@type\":\"Organization\",\"@id\":\"https:\/\/dokuschreibt.com\/de\/#organization\",\"name\":\"Doku Schreibt\",\"url\":\"https:\/\/dokuschreibt.com\/de\/\",\"logo\":{\"@type\":\"ImageObject\",\"inLanguage\":\"de\",\"@id\":\"https:\/\/dokuschreibt.com\/de\/#\/schema\/logo\/image\/\",\"url\":\"https:\/\/dokuschreibt.com\/de\/wp-content\/uploads\/cropped-fav.png\",\"contentUrl\":\"https:\/\/dokuschreibt.com\/de\/wp-content\/uploads\/cropped-fav.png\",\"width\":512,\"height\":512,\"caption\":\"Doku Schreibt\"},\"image\":{\"@id\":\"https:\/\/dokuschreibt.com\/de\/#\/schema\/logo\/image\/\"}}]}<\/script>\n<!-- \/ Yoast SEO plugin. -->","yoast_head_json":{"title":"\u00d6ffnen - Agenda Vorlage - Doku Schreibt","robots":{"index":"noindex","follow":"follow"},"og_locale":"de_DE","og_type":"article","og_title":"\u00d6ffnen - Agenda Vorlage - Doku Schreibt","og_description":"Muster und Vorlage f\u00fcr Agenda zur Erstellung und Anpassung &#8211; \u00d6ffnen im WORD\u2013 und PDF-Format &nbsp; Muster und Vorlage f\u00fcr ... \u00d6ffnen","og_url":"https:\/\/dokuschreibt.com\/de\/agenda-offnen\/","og_site_name":"Doku Schreibt","og_image":[{"url":"https:\/\/dokuschreibt.com\/de\/wp-content\/uploads\/wie-schreibt-man-agenda-muster.jpg","type":"","width":"","height":""}],"twitter_card":"summary_large_image","twitter_misc":{"Gesch\u00e4tzte Lesezeit":"1\u00a0Minute"},"schema":{"@context":"https:\/\/schema.org","@graph":[{"@type":"WebPage","@id":"https:\/\/dokuschreibt.com\/de\/agenda-offnen\/","url":"https:\/\/dokuschreibt.com\/de\/agenda-offnen\/","name":"\u00d6ffnen - Agenda Vorlage - Doku Schreibt","isPartOf":{"@id":"https:\/\/dokuschreibt.com\/de\/#website"},"primaryImageOfPage":{"@id":"https:\/\/dokuschreibt.com\/de\/agenda-offnen\/#primaryimage"},"image":{"@id":"https:\/\/dokuschreibt.com\/de\/agenda-offnen\/#primaryimage"},"thumbnailUrl":"https:\/\/dokuschreibt.com\/de\/wp-content\/uploads\/wie-schreibt-man-agenda-muster.jpg","datePublished":"2023-10-08T08:46:19+00:00","breadcrumb":{"@id":"https:\/\/dokuschreibt.com\/de\/agenda-offnen\/#breadcrumb"},"inLanguage":"de","potentialAction":[{"@type":"ReadAction","target":["https:\/\/dokuschreibt.com\/de\/agenda-offnen\/"]}]},{"@type":"ImageObject","inLanguage":"de","@id":"https:\/\/dokuschreibt.com\/de\/agenda-offnen\/#primaryimage","url":"https:\/\/dokuschreibt.com\/de\/wp-content\/uploads\/wie-schreibt-man-absage-an-den-arbeitgeber-muster.jpg","contentUrl":"https:\/\/dokuschreibt.com\/de\/wp-content\/uploads\/wie-schreibt-man-absage-an-den-arbeitgeber-muster.jpg","width":1410,"height":2250},{"@type":"BreadcrumbList","@id":"https:\/\/dokuschreibt.com\/de\/agenda-offnen\/#breadcrumb","itemListElement":[{"@type":"ListItem","position":1,"name":"Portada","item":"https:\/\/dokuschreibt.com\/de\/"},{"@type":"ListItem","position":2,"name":"\u00d6ffnen &#8211; Agenda Vorlage"}]},{"@type":"WebSite","@id":"https:\/\/dokuschreibt.com\/de\/#website","url":"https:\/\/dokuschreibt.com\/de\/","name":"Doku Schreibt","description":"Wie Schreibt Man","publisher":{"@id":"https:\/\/dokuschreibt.com\/de\/#organization"},"potentialAction":[{"@type":"SearchAction","target":{"@type":"EntryPoint","urlTemplate":"https:\/\/dokuschreibt.com\/de\/?s={search_term_string}"},"query-input":{"@type":"PropertyValueSpecification","valueRequired":true,"valueName":"search_term_string"}}],"inLanguage":"de"},{"@type":"Organization","@id":"https:\/\/dokuschreibt.com\/de\/#organization","name":"Doku Schreibt","url":"https:\/\/dokuschreibt.com\/de\/","logo":{"@type":"ImageObject","inLanguage":"de","@id":"https:\/\/dokuschreibt.com\/de\/#\/schema\/logo\/image\/","url":"https:\/\/dokuschreibt.com\/de\/wp-content\/uploads\/cropped-fav.png","contentUrl":"https:\/\/dokuschreibt.com\/de\/wp-content\/uploads\/cropped-fav.png","width":512,"height":512,"caption":"Doku Schreibt"},"image":{"@id":"https:\/\/dokuschreibt.com\/de\/#\/schema\/logo\/image\/"}}]}},"_links":{"self":[{"href":"https:\/\/dokuschreibt.com\/de\/wp-json\/wp\/v2\/pages\/1014","targetHints":{"allow":["GET"]}}],"collection":[{"href":"https:\/\/dokuschreibt.com\/de\/wp-json\/wp\/v2\/pages"}],"about":[{"href":"https:\/\/dokuschreibt.com\/de\/wp-json\/wp\/v2\/types\/page"}],"author":[{"embeddable":true,"href":"https:\/\/dokuschreibt.com\/de\/wp-json\/wp\/v2\/users\/1"}],"replies":[{"embeddable":true,"href":"https:\/\/dokuschreibt.com\/de\/wp-json\/wp\/v2\/comments?post=1014"}],"version-history":[{"count":0,"href":"https:\/\/dokuschreibt.com\/de\/wp-json\/wp\/v2\/pages\/1014\/revisions"}],"wp:attachment":[{"href":"https:\/\/dokuschreibt.com\/de\/wp-json\/wp\/v2\/media?parent=1014"}],"curies":[{"name":"wp","href":"https:\/\/api.w.org\/{rel}","templated":true}]}}